{"id":258,"date":"2017-09-08T15:51:33","date_gmt":"2017-09-08T19:51:33","guid":{"rendered":"https:\/\/collegeinternationalmont-tremblant.com\/admission\/"},"modified":"2026-04-09T09:26:14","modified_gmt":"2026-04-09T13:26:14","slug":"admissao","status":"publish","type":"page","link":"https:\/\/collegeinternationalmont-tremblant.com\/pt-pt\/admissao\/","title":{"rendered":"ADMISS\u00c3O"},"content":{"rendered":"[mk_page_section layout_structure=&#8221;half_left&#8221; bg_image=&#8221;https:\/\/collegeinternationalmont-tremblant.com\/wp-content\/uploads\/2017\/09\/bg-sport.jpg&#8221; bg_color=&#8221;#ffffff&#8221; bg_stretch=&#8221;true&#8221; full_width=&#8221;true&#8221; js_vertical_centered=&#8221;true&#8221; padding_top=&#8221;80&#8243; padding_bottom=&#8221;80&#8243;][vc_column][mk_fancy_title tag_name=&#8221;h1&#8243; color=&#8221;#000000&#8243; size=&#8221;32&#8243; txt_transform=&#8221;uppercase&#8221; margin_bottom=&#8221;0&#8243; font_family=&#8221;none&#8221; align=&#8221;center&#8221; el_class=&#8221;font-pbold no-margin&#8221;]LISTA DE INTERESSE PARA INSCRI\u00c7\u00c3O EM AGOSTO DE 2030[\/mk_fancy_title][vc_separator color=&#8221;black&#8221; border_width=&#8221;4&#8243; el_width=&#8221;20&#8243; el_class=&#8221;sep-height&#8221;]\n<div class=\"wpcf7 no-js\" id=\"wpcf7-f231-o1\" lang=\"fr-FR\" dir=\"ltr\">\n<div class=\"screen-reader-response\"><p role=\"status\" aria-live=\"polite\" aria-atomic=\"true\"><\/p> <ul><\/ul><\/div>\n<form action=\"\/pt-pt\/wp-json\/wp\/v2\/pages\/258#wpcf7-f231-o1\" method=\"post\" class=\"wpcf7-form init\" aria-label=\"Formulaire de contact\" novalidate=\"novalidate\" data-status=\"init\">\n<div style=\"display: none;\">\n<input type=\"hidden\" name=\"_wpcf7\" value=\"231\" \/>\n<input type=\"hidden\" name=\"_wpcf7_version\" value=\"5.8.6\" \/>\n<input type=\"hidden\" name=\"_wpcf7_locale\" value=\"fr_FR\" \/>\n<input type=\"hidden\" name=\"_wpcf7_unit_tag\" value=\"wpcf7-f231-o1\" \/>\n<input type=\"hidden\" name=\"_wpcf7_container_post\" value=\"0\" \/>\n<input type=\"hidden\" name=\"_wpcf7_posted_data_hash\" value=\"\" \/>\n<input type=\"hidden\" name=\"_wpcf7_recaptcha_response\" value=\"\" \/>\n<\/div>\n<div class=\"mk-contact-form clearfix admission-form\">\n\t<div class=\"mk-form-row\">\n\t\t<div class=\"mk-form-half\">\n\t\t\t<p><span class=\"wpcf7-form-control-wrap\" data-name=\"first-name\"><input size=\"40\" class=\"wpcf7-form-control wpcf7-text wpcf7-validates-as-required\" aria-required=\"true\" aria-invalid=\"false\" placeholder=\"Nome do estudante\" value=\"\" type=\"text\" name=\"first-name\" \/><\/span>\n\t\t\t<\/p>\n\t\t<\/div>\n\t\t<div class=\"mk-form-half\">\n\t\t\t<p><span class=\"wpcf7-form-control-wrap\" data-name=\"last-name\"><input size=\"40\" class=\"wpcf7-form-control wpcf7-text wpcf7-validates-as-required\" aria-required=\"true\" aria-invalid=\"false\" placeholder=\"Sobrenome do estudante\" value=\"\" type=\"text\" name=\"last-name\" \/><\/span>\n\t\t\t<\/p>\n\t\t<\/div>\n\t<\/div>\n\t<div class=\"mk-form-row\" style=\"margin-bottom:15px;\">\n\t\t<div class=\"mk-form-full\">\n\t\t\t<p>Sexo do estudante : <span class=\"wpcf7-form-control-wrap\" data-name=\"sex\"><span class=\"wpcf7-form-control wpcf7-radio\"><span class=\"wpcf7-list-item first\"><label><input type=\"radio\" name=\"sex\" value=\"F\" \/><span class=\"wpcf7-list-item-label\">F<\/span><\/label><\/span><span class=\"wpcf7-list-item last\"><label><input type=\"radio\" name=\"sex\" value=\"M\" \/><span class=\"wpcf7-list-item-label\">M<\/span><\/label><\/span><\/span><\/span>\n\t\t\t<\/p>\n\t\t<\/div>\n\t<\/div>\n\t<div class=\"mk-form-row\">\n\t\t<p><label>Data de nascimento do estudante :<\/label>\n\t\t<\/p>\n\t\t<div class=\"mk-form-third\">\n\t\t\t<p><span class=\"wpcf7-form-control-wrap\" data-name=\"birthday\"><input class=\"wpcf7-form-control wpcf7-number wpcf7-validates-as-required wpcf7-validates-as-number\" min=\"1\" max=\"31\" aria-required=\"true\" aria-invalid=\"false\" placeholder=\"Dia\" value=\"\" type=\"number\" name=\"birthday\" \/><\/span>\n\t\t\t<\/p>\n\t\t<\/div>\n\t\t<div class=\"mk-form-third\">\n\t\t\t<p><span class=\"wpcf7-form-control-wrap\" data-name=\"birthmonth\"><input class=\"wpcf7-form-control wpcf7-number wpcf7-validates-as-required wpcf7-validates-as-number\" min=\"1\" max=\"12\" aria-required=\"true\" aria-invalid=\"false\" placeholder=\"M\u00eas\" value=\"\" type=\"number\" name=\"birthmonth\" \/><\/span>\n\t\t\t<\/p>\n\t\t<\/div>\n\t\t<div class=\"mk-form-third\">\n\t\t\t<p><span class=\"wpcf7-form-control-wrap\" data-name=\"birthyear\"><input class=\"wpcf7-form-control wpcf7-number wpcf7-validates-as-required wpcf7-validates-as-number\" min=\"2000\" max=\"2018\" aria-required=\"true\" aria-invalid=\"false\" placeholder=\"Ano\" value=\"\" type=\"number\" name=\"birthyear\" \/><\/span>\n\t\t\t<\/p>\n\t\t<\/div>\n\t<\/div>\n\t<h2>DADOS\n\t<\/h2>\n\t<div class=\"mk-form-row\">\n\t\t<div class=\"mk-form-half\">\n\t\t\t<p><span class=\"wpcf7-form-control-wrap\" data-name=\"address\"><input size=\"40\" class=\"wpcf7-form-control wpcf7-text wpcf7-validates-as-required\" aria-required=\"true\" aria-invalid=\"false\" placeholder=\"Endere\u00e7o\" value=\"\" type=\"text\" name=\"address\" \/><\/span>\n\t\t\t<\/p>\n\t\t<\/div>\n\t\t<div class=\"mk-form-half\">\n\t\t\t<p><span class=\"wpcf7-form-control-wrap\" data-name=\"city\"><input size=\"40\" class=\"wpcf7-form-control wpcf7-text wpcf7-validates-as-required\" aria-required=\"true\" aria-invalid=\"false\" placeholder=\"Cidade\" value=\"\" type=\"text\" name=\"city\" \/><\/span>\n\t\t\t<\/p>\n\t\t<\/div>\n\t<\/div>\n\t<div class=\"mk-form-row\">\n\t\t<div class=\"mk-form-half\">\n\t\t\t<p><span class=\"wpcf7-form-control-wrap\" data-name=\"zipcode\"><input size=\"40\" class=\"wpcf7-form-control wpcf7-text wpcf7-validates-as-required\" aria-required=\"true\" aria-invalid=\"false\" placeholder=\"CEP\" value=\"\" type=\"text\" name=\"zipcode\" \/><\/span>\n\t\t\t<\/p>\n\t\t<\/div>\n\t\t<div class=\"mk-form-half\">\n\t\t\t<p><span class=\"wpcf7-form-control-wrap\" data-name=\"phone\"><input size=\"40\" class=\"wpcf7-form-control wpcf7-tel wpcf7-validates-as-required wpcf7-text wpcf7-validates-as-tel\" aria-required=\"true\" aria-invalid=\"false\" placeholder=\"Telefone residencial do estudante\" value=\"\" type=\"tel\" name=\"phone\" \/><\/span>\n\t\t\t<\/p>\n\t\t<\/div>\n\t<\/div>\n\t<div class=\"mk-form-row\">\n\t\t<div class=\"mk-form-half\">\n\t\t\t<p><span class=\"wpcf7-form-control-wrap\" data-name=\"province\"><input size=\"40\" class=\"wpcf7-form-control wpcf7-text wpcf7-validates-as-required\" aria-required=\"true\" aria-invalid=\"false\" placeholder=\"Estado\" value=\"\" type=\"text\" name=\"province\" \/><\/span>\n\t\t\t<\/p>\n\t\t<\/div>\n\t\t<div class=\"mk-form-half\">\n\t\t\t<p><span class=\"wpcf7-form-control-wrap\" data-name=\"country\"><input size=\"40\" class=\"wpcf7-form-control wpcf7-text wpcf7-validates-as-required\" aria-required=\"true\" aria-invalid=\"false\" placeholder=\"Pa\u00eds\" value=\"\" type=\"text\" name=\"country\" \/><\/span>\n\t\t\t<\/p>\n\t\t<\/div>\n\t<\/div>\n\t<div class=\"mk-form-row\">\n\t\t<div class=\"mk-form-full\">\n\t\t\t<p><span>Mesmo endere\u00e7o que : <span class=\"wpcf7-form-control-wrap\" data-name=\"address_parent\"><span class=\"wpcf7-form-control wpcf7-radio\"><span class=\"wpcf7-list-item first\"><label><input type=\"radio\" name=\"address_parent\" value=\"Pai e m\u00e3e\" \/><span class=\"wpcf7-list-item-label\">Pai e m\u00e3e<\/span><\/label><\/span><span class=\"wpcf7-list-item\"><label><input type=\"radio\" name=\"address_parent\" value=\"Pai\" \/><span class=\"wpcf7-list-item-label\">Pai<\/span><\/label><\/span><span class=\"wpcf7-list-item last\"><label><input type=\"radio\" name=\"address_parent\" value=\"M\u00e3e\" \/><span class=\"wpcf7-list-item-label\">M\u00e3e<\/span><\/label><\/span><\/span><\/span><\/span>\n\t\t\t<\/p>\n\t\t<\/div>\n\t<\/div>\n\t<h2>INFORMA\u00c7\u00d5ES ESCOLARES\n\t<\/h2>\n\t<div class=\"mk-form-row\">\n\t\t<div class=\"mk-form-full\">\n\t\t\t<p><span class=\"wpcf7-form-control-wrap\" data-name=\"school\"><input size=\"40\" class=\"wpcf7-form-control wpcf7-text wpcf7-validates-as-required\" aria-required=\"true\" aria-invalid=\"false\" placeholder=\"Escola frequentada pelo estudante\" value=\"\" type=\"text\" name=\"school\" \/><\/span>\n\t\t\t<\/p>\n\t\t<\/div>\n\t<\/div>\n\t<div class=\"mk-form-row\">\n\t\t<div class=\"mk-form-full\">\n\t\t\t<p><span>Tipo de estabelecimento : <span class=\"wpcf7-form-control-wrap\" data-name=\"school_type\"><span class=\"wpcf7-form-control wpcf7-radio\"><span class=\"wpcf7-list-item first\"><label><input type=\"radio\" name=\"school_type\" value=\"P\u00fablico\" \/><span class=\"wpcf7-list-item-label\">P\u00fablico<\/span><\/label><\/span><span class=\"wpcf7-list-item last\"><label><input type=\"radio\" name=\"school_type\" value=\"Particular\" \/><span class=\"wpcf7-list-item-label\">Particular<\/span><\/label><\/span><\/span><\/span><\/span>\n\t\t\t<\/p>\n\t\t<\/div>\n\t<\/div>\n\t<h2>INFORMA\u00c7\u00d5ES SOBRE A FAM\u00cdLIA\n\t<\/h2>\n\t<div class=\"mk-form-row\">\n\t\t<div class=\"mk-form-half\">\n\t\t\t<p><span class=\"wpcf7-form-control-wrap\" data-name=\"first-name-father\"><input size=\"40\" class=\"wpcf7-form-control wpcf7-text wpcf7-validates-as-required\" aria-required=\"true\" aria-invalid=\"false\" placeholder=\"Nome do pai\" value=\"\" type=\"text\" name=\"first-name-father\" \/><\/span>\n\t\t\t<\/p>\n\t\t<\/div>\n\t\t<div class=\"mk-form-half\">\n\t\t\t<p><span class=\"wpcf7-form-control-wrap\" data-name=\"last-name-father\"><input size=\"40\" class=\"wpcf7-form-control wpcf7-text wpcf7-validates-as-required\" aria-required=\"true\" aria-invalid=\"false\" placeholder=\"Sobrenome do pai\" value=\"\" type=\"text\" name=\"last-name-father\" \/><\/span>\n\t\t\t<\/p>\n\t\t<\/div>\n\t<\/div>\n\t<div class=\"mk-form-row\">\n\t\t<div class=\"mk-form-half\">\n\t\t\t<p><span class=\"wpcf7-form-control-wrap\" data-name=\"phone-father\"><input size=\"40\" class=\"wpcf7-form-control wpcf7-tel wpcf7-validates-as-required wpcf7-text wpcf7-validates-as-tel\" aria-required=\"true\" aria-invalid=\"false\" placeholder=\"Telefone comercial do pai\" value=\"\" type=\"tel\" name=\"phone-father\" \/><\/span>\n\t\t\t<\/p>\n\t\t<\/div>\n\t\t<div class=\"mk-form-half\">\n\t\t\t<p><span class=\"wpcf7-form-control-wrap\" data-name=\"cellphone-father\"><input size=\"40\" class=\"wpcf7-form-control wpcf7-tel wpcf7-validates-as-required wpcf7-text wpcf7-validates-as-tel\" aria-required=\"true\" aria-invalid=\"false\" placeholder=\"Cellulaire du p\u00e8re\" value=\"\" type=\"tel\" name=\"cellphone-father\" \/><\/span>\n\t\t\t<\/p>\n\t\t<\/div>\n\t<\/div>\n\t<div class=\"mk-form-row\">\n\t\t<div class=\"mk-form-half\">\n\t\t\t<p><span class=\"wpcf7-form-control-wrap\" data-name=\"email-father\"><input size=\"40\" class=\"wpcf7-form-control wpcf7-email wpcf7-validates-as-required wpcf7-text wpcf7-validates-as-email\" aria-required=\"true\" aria-invalid=\"false\" placeholder=\"E-mail principal do pai\" value=\"\" type=\"email\" name=\"email-father\" \/><\/span>\n\t\t\t<\/p>\n\t\t<\/div>\n\t\t<div class=\"mk-form-half\">\n\t\t\t<p><span class=\"wpcf7-form-control-wrap\" data-name=\"birthplace-father\"><input size=\"40\" class=\"wpcf7-form-control wpcf7-text wpcf7-validates-as-required\" aria-required=\"true\" aria-invalid=\"false\" placeholder=\"Lugar de nascimento do pai\" value=\"\" type=\"text\" name=\"birthplace-father\" \/><\/span>\n\t\t\t<\/p>\n\t\t<\/div>\n\t<\/div>\n\t<div class=\"mk-form-row\">\n\t\t<div class=\"mk-form-half\">\n\t\t\t<p><span class=\"wpcf7-form-control-wrap\" data-name=\"first-name-mother\"><input size=\"40\" class=\"wpcf7-form-control wpcf7-text wpcf7-validates-as-required\" aria-required=\"true\" aria-invalid=\"false\" placeholder=\"Nome da m\u00e3e\" value=\"\" type=\"text\" name=\"first-name-mother\" \/><\/span>\n\t\t\t<\/p>\n\t\t<\/div>\n\t\t<div class=\"mk-form-half\">\n\t\t\t<p><span class=\"wpcf7-form-control-wrap\" data-name=\"last-name-mother\"><input size=\"40\" class=\"wpcf7-form-control wpcf7-text wpcf7-validates-as-required\" aria-required=\"true\" aria-invalid=\"false\" placeholder=\"Sobrenome da m\u00e3e\" value=\"\" type=\"text\" name=\"last-name-mother\" \/><\/span>\n\t\t\t<\/p>\n\t\t<\/div>\n\t<\/div>\n\t<div class=\"mk-form-row\">\n\t\t<div class=\"mk-form-half\">\n\t\t\t<p><span class=\"wpcf7-form-control-wrap\" data-name=\"phone-mother\"><input size=\"40\" class=\"wpcf7-form-control wpcf7-tel wpcf7-validates-as-required wpcf7-text wpcf7-validates-as-tel\" aria-required=\"true\" aria-invalid=\"false\" placeholder=\"Telefone comercial da m\u00e3e\" value=\"\" type=\"tel\" name=\"phone-mother\" \/><\/span>\n\t\t\t<\/p>\n\t\t<\/div>\n\t\t<div class=\"mk-form-half\">\n\t\t\t<p><span class=\"wpcf7-form-control-wrap\" data-name=\"cellphone-mother\"><input size=\"40\" class=\"wpcf7-form-control wpcf7-tel wpcf7-validates-as-required wpcf7-text wpcf7-validates-as-tel\" aria-required=\"true\" aria-invalid=\"false\" placeholder=\"Celular da m\u00e3e\" value=\"\" type=\"tel\" name=\"cellphone-mother\" \/><\/span>\n\t\t\t<\/p>\n\t\t<\/div>\n\t<\/div>\n\t<div class=\"mk-form-row\">\n\t\t<div class=\"mk-form-half\">\n\t\t\t<p><span class=\"wpcf7-form-control-wrap\" data-name=\"email-mother\"><input size=\"40\" class=\"wpcf7-form-control wpcf7-email wpcf7-validates-as-required wpcf7-text wpcf7-validates-as-email\" aria-required=\"true\" aria-invalid=\"false\" placeholder=\"E-mail principal da m\u00e3e\" value=\"\" type=\"email\" name=\"email-mother\" \/><\/span>\n\t\t\t<\/p>\n\t\t<\/div>\n\t\t<div class=\"mk-form-half\">\n\t\t\t<p><span class=\"wpcf7-form-control-wrap\" data-name=\"birthplace-mother\"><input size=\"40\" class=\"wpcf7-form-control wpcf7-text wpcf7-validates-as-required\" aria-required=\"true\" aria-invalid=\"false\" placeholder=\"Lugar de nascimento da m\u00e3e\" value=\"\" type=\"text\" name=\"birthplace-mother\" \/><\/span>\n\t\t\t<\/p>\n\t\t<\/div>\n\t<\/div>\n\t<h2>ESCOLHA DO CURSO\n\t<\/h2>\n\t<div class=\"mk-form-row\">\n\t\t<div class=\"mk-form-full\">\n\t\t\t<p><span class=\"wpcf7-form-control-wrap\" data-name=\"parcours\"><span class=\"wpcf7-form-control wpcf7-checkbox wpcf7-validates-as-required vertical\"><span class=\"wpcf7-list-item first\"><label><input type=\"checkbox\" name=\"parcours[]\" value=\"Concentra\u00e7\u00e3o em esportes\" \/><span class=\"wpcf7-list-item-label\">Concentra\u00e7\u00e3o em esportes<\/span><\/label><\/span><span class=\"wpcf7-list-item last\"><label><input type=\"checkbox\" name=\"parcours[]\" value=\"Internacional\" \/><span class=\"wpcf7-list-item-label\">Internacional<\/span><\/label><\/span><\/span><\/span>\n\t\t\t<\/p>\n\t\t<\/div>\n\t<\/div>\n\t<h2>TIPO DE ESCOLARIDADE\n\t<\/h2>\n\t<div class=\"mk-form-row\">\n\t\t<div class=\"mk-form-full\">\n\t\t\t<p><span class=\"wpcf7-form-control-wrap\" data-name=\"residence\"><span class=\"wpcf7-form-control wpcf7-checkbox wpcf7-validates-as-required vertical\"><span class=\"wpcf7-list-item first last\"><label><input type=\"checkbox\" name=\"residence[]\" value=\"Em resid\u00eancia permanente 7 dias\/semana  (62 000 $CAN)\" \/><span class=\"wpcf7-list-item-label\">Em resid\u00eancia permanente 7 dias\/semana  (62 000 $CAN)<\/span><\/label><\/span><\/span><\/span>\n\t\t\t<\/p>\n\t\t<\/div>\n\t<\/div>\n\t<div class=\"mk-form-row\" style=\"text-align:right;\">\n\t\t<p><input class=\"wpcf7-form-control wpcf7-submit has-spinner\" type=\"submit\" value=\"ENVIAR\" \/>\n\t\t<\/p>\n\t<\/div>\n<\/div><div class=\"wpcf7-response-output\" aria-hidden=\"true\"><\/div>\n<\/form>\n<\/div>\n[\/vc_column][\/mk_page_section][mk_page_section layout_structure=&#8221;half_right&#8221; bg_image=&#8221;https:\/\/collegeinternationalmont-tremblant.com\/wp-content\/uploads\/2017\/09\/bg-programme-international.jpg&#8221; bg_color=&#8221;#368945&#8243; bg_stretch=&#8221;true&#8221; full_width=&#8221;true&#8221; js_vertical_centered=&#8221;true&#8221; padding_top=&#8221;80&#8243; padding_bottom=&#8221;80&#8243;][vc_column][mk_fancy_title color=&#8221;#ffffff&#8221; size=&#8221;32&#8243; txt_transform=&#8221;uppercase&#8221; margin_bottom=&#8221;0&#8243; font_family=&#8221;none&#8221; el_class=&#8221;font-pbold no-margin&#8221;]A taxa de mensalidade[\/mk_fancy_title][vc_separator color=&#8221;black&#8221; align=&#8221;align_left&#8221; border_width=&#8221;4&#8243; el_width=&#8221;20&#8243; el_class=&#8221;sep-height&#8221;][mk_fancy_title tag_name=&#8221;span&#8221; color=&#8221;#ffffff&#8221; size=&#8221;15&#8243; margin_bottom=&#8221;0&#8243; font_family=&#8221;none&#8221; el_class=&#8221;bloc-text-page&#8221;]<strong>Taxas e inclus<em>\u00f5<\/em>es <\/strong><\/p>\n<p>A taxa de mensalidade \u00e9 62 mil d\u00f3lares canadenses por ano letivo.<\/p>\n<p>Essa taxa inclui:<\/p>\n<ul>\n<li>Programa acad\u00eamico;<\/li>\n<li>Moradia no campus (7 dias\/ semana);<\/li>\n<li>Refei\u00e7\u00f5es;<\/li>\n<li>Atividades did\u00e1ticas e extracurriculares;<\/li>\n<li>Aulas particulares em franc\u00eas e em ingl\u00eas (40 horas);<\/li>\n<li>Aluguel de equipamentos para esportes (esquis, botas, botes);<\/li>\n<li>Eventos culturais e esportivos (4);<\/li>\n<li>Uniformes e lavanderia;<\/li>\n<li>Livros e material escolar;<\/li>\n<li>Transporte (excurs\u00e3o e shuttle para os aeroportos), arm\u00e1rio, cadeado;<\/li>\n<\/ul>\n[\/mk_fancy_title][\/vc_column][\/mk_page_section]\n","protected":false},"excerpt":{"rendered":"<p>[mk_page_section layout_structure=&#8221;half_left&#8221; bg_image=&#8221;https:\/\/collegeinternationalmont-tremblant.com\/wp-content\/uploads\/2017\/09\/bg-sport.jpg&#8221; bg_color=&#8221;#ffffff&#8221; bg_stretch=&#8221;true&#8221; full_width=&#8221;true&#8221; js_vertical_centered=&#8221;true&#8221; padding_top=&#8221;80&#8243; padding_bottom=&#8221;80&#8243;][vc_column][mk_fancy_title tag_name=&#8221;h1&#8243; color=&#8221;#000000&#8243; size=&#8221;32&#8243; txt_transform=&#8221;uppercase&#8221; margin_bottom=&#8221;0&#8243; font_family=&#8221;none&#8221; align=&#8221;center&#8221; el_class=&#8221;font-pbold no-margin&#8221;]LISTA DE INTERESSE PARA INSCRI\u00c7\u00c3O EM AGOSTO DE 2030[\/mk_fancy_title][vc_separator color=&#8221;black&#8221; border_width=&#8221;4&#8243; el_width=&#8221;20&#8243; el_class=&#8221;sep-height&#8221;][\/vc_column][\/mk_page_section][mk_page_section layout_structure=&#8221;half_right&#8221; bg_image=&#8221;https:\/\/collegeinternationalmont-tremblant.com\/wp-content\/uploads\/2017\/09\/bg-programme-international.jpg&#8221; bg_color=&#8221;#368945&#8243; bg_stretch=&#8221;true&#8221; full_width=&#8221;true&#8221; js_vertical_centered=&#8221;true&#8221; padding_top=&#8221;80&#8243; padding_bottom=&#8221;80&#8243;][vc_column][mk_fancy_title color=&#8221;#ffffff&#8221; size=&#8221;32&#8243; txt_transform=&#8221;uppercase&#8221; margin_bottom=&#8221;0&#8243; font_family=&#8221;none&#8221; el_class=&#8221;font-pbold no-margin&#8221;]A taxa de mensalidade[\/mk_fancy_title][vc_separator color=&#8221;black&#8221; align=&#8221;align_left&#8221; border_width=&#8221;4&#8243; el_width=&#8221;20&#8243; el_class=&#8221;sep-height&#8221;][mk_fancy_title tag_name=&#8221;span&#8221; color=&#8221;#ffffff&#8221; [&hellip;]<\/p>\n","protected":false},"author":2,"featured_media":0,"parent":0,"menu_order":0,"comment_status":"closed","ping_status":"closed","template":"","meta":{"footnotes":""},"_links":{"self":[{"href":"https:\/\/collegeinternationalmont-tremblant.com\/pt-pt\/wp-json\/wp\/v2\/pages\/258"}],"collection":[{"href":"https:\/\/collegeinternationalmont-tremblant.com\/pt-pt\/wp-json\/wp\/v2\/pages"}],"about":[{"href":"https:\/\/collegeinternationalmont-tremblant.com\/pt-pt\/wp-json\/wp\/v2\/types\/page"}],"author":[{"embeddable":true,"href":"https:\/\/collegeinternationalmont-tremblant.com\/pt-pt\/wp-json\/wp\/v2\/users\/2"}],"replies":[{"embeddable":true,"href":"https:\/\/collegeinternationalmont-tremblant.com\/pt-pt\/wp-json\/wp\/v2\/comments?post=258"}],"version-history":[{"count":6,"href":"https:\/\/collegeinternationalmont-tremblant.com\/pt-pt\/wp-json\/wp\/v2\/pages\/258\/revisions"}],"predecessor-version":[{"id":5303,"href":"https:\/\/collegeinternationalmont-tremblant.com\/pt-pt\/wp-json\/wp\/v2\/pages\/258\/revisions\/5303"}],"wp:attachment":[{"href":"https:\/\/collegeinternationalmont-tremblant.com\/pt-pt\/wp-json\/wp\/v2\/media?parent=258"}],"curies":[{"name":"wp","href":"https:\/\/api.w.org\/{rel}","templated":true}]}}