{"id":250,"date":"2017-09-08T16:16:53","date_gmt":"2017-09-08T20:16:53","guid":{"rendered":"https:\/\/collegeinternationalmont-tremblant.com\/programs\/"},"modified":"2017-09-21T11:51:19","modified_gmt":"2017-09-21T15:51:19","slug":"programas","status":"publish","type":"page","link":"https:\/\/collegeinternationalmont-tremblant.com\/pt-pt\/programas\/","title":{"rendered":"Programas"},"content":{"rendered":"<div class=\"wpb-content-wrapper\">[mk_page_section layout_structure=&#8221;half_left&#8221; bg_image=&#8221;https:\/\/collegeinternationalmont-tremblant.com\/wp-content\/uploads\/2017\/09\/bg-bloc-default.jpg&#8221; bg_color=&#8221;#368945&#8243; bg_stretch=&#8221;true&#8221; video_loop=&#8221;false&#8221; full_width=&#8221;true&#8221; js_vertical_centered=&#8221;true&#8221; padding_top=&#8221;80&#8243; padding_bottom=&#8221;80&#8243;][vc_column][mk_fancy_title color=&#8221;#ffffff&#8221; size=&#8221;32&#8243; txt_transform=&#8221;uppercase&#8221; margin_bottom=&#8221;0&#8243; font_family=&#8221;none&#8221; el_class=&#8221;font-pbold no-margin&#8221;]PROGRAMAS OFERECIDOS PELO COL\u00c9GIO[\/mk_fancy_title][vc_separator color=&#8221;black&#8221; align=&#8221;align_left&#8221; border_width=&#8221;4&#8243; el_width=&#8221;20&#8243; el_class=&#8221;sep-height&#8221;][mk_fancy_title tag_name=&#8221;span&#8221; color=&#8221;#ffffff&#8221; size=&#8221;15&#8243; margin_bottom=&#8221;0&#8243; font_family=&#8221;none&#8221; el_class=&#8221;bloc-text-page bold-height&#8221;]O CIMT planeja desenvolver um projeto educacional que atender\u00e1 as expectativas tanto dos pais quanto dos estudantes. Dessa maneira, o projeto refletir\u00e1 as prioridades das fam\u00edlias de hoje ao escolherem uma escola, incluindo:[\/mk_fancy_title][vc_row_inner][vc_column_inner width=&#8221;1\/2&#8243;][mk_fancy_title tag_name=&#8221;span&#8221; color=&#8221;#ffffff&#8221; size=&#8221;15&#8243; margin_bottom=&#8221;0&#8243; font_family=&#8221;none&#8221; el_class=&#8221;bloc-text-page bold-height&#8221;]\n<ul>\n<li>um ambiente seguro;<\/li>\n<li>disciplina adequada;<\/li>\n<li>supervis\u00e3o e orienta\u00e7\u00e3o;<\/li>\n<li>monitoramento das conquistas acad\u00eamicas;<\/li>\n<li>requisitos acad\u00eamicos elevados;<\/li>\n<li>excelente atmosfera para estudo;<\/li>\n<li>acesso a um ensino superior<\/li>\n<\/ul>\n[\/mk_fancy_title][\/vc_column_inner][vc_column_inner width=&#8221;1\/2&#8243;][mk_fancy_title tag_name=&#8221;span&#8221; color=&#8221;#ffffff&#8221; size=&#8221;15&#8243; margin_bottom=&#8221;0&#8243; font_family=&#8221;none&#8221; el_class=&#8221;bloc-text-page bold-height&#8221;]\n<ul>\n<li>equipe dedicada, motivada e dispon\u00edvel;<\/li>\n<li>valores compat\u00edveis;<\/li>\n<li>apoio ao aprendizado;<\/li>\n<li>acompanhamento individual;<\/li>\n<li>relacionamento s\u00f3lido entre os pais e a escola;<\/li>\n<li>ambiente de conviv\u00eancia de n\u00edvel superior;<\/li>\n<li>atividades did\u00e1ticas e extracurriculares motivadoras.<\/li>\n<\/ul>\n[\/mk_fancy_title][\/vc_column_inner][\/vc_row_inner][mk_fancy_title tag_name=&#8221;span&#8221; color=&#8221;#ffffff&#8221; size=&#8221;15&#8243; margin_bottom=&#8221;0&#8243; font_family=&#8221;none&#8221; el_class=&#8221;bloc-text-page bold-height&#8221;]O Col\u00e9gio oferecer\u00e1 o programa Cambridge IGCSE aos estudantes que desejarem. Tal programa proporciona diversas oportunidades para que os estudantes se destaquem, ao se inscreverem para o ensino superior em institui\u00e7\u00f5es internacionais.<\/p>\n<p><strong>O CIMT disponibilizar\u00e1, tamb\u00e9m, duas vertentes diferentes de ensino:<br \/>\nEsportes e Estudos Internacionais.<\/strong>[\/mk_fancy_title][\/vc_column][\/mk_page_section][mk_page_section layout_structure=&#8221;half_right&#8221; bg_image=&#8221;https:\/\/collegeinternationalmont-tremblant.com\/wp-content\/uploads\/2017\/09\/bg-sport.jpg&#8221; bg_color=&#8221;#ffffff&#8221; bg_stretch=&#8221;true&#8221; video_loop=&#8221;false&#8221; full_width=&#8221;true&#8221; js_vertical_centered=&#8221;true&#8221; padding_top=&#8221;80&#8243; padding_bottom=&#8221;80&#8243;][vc_column][mk_fancy_title color=&#8221;#000000&#8243; size=&#8221;32&#8243; txt_transform=&#8221;uppercase&#8221; margin_bottom=&#8221;0&#8243; font_family=&#8221;none&#8221; el_class=&#8221;font-pmedium no-margin&#8221;]Programa[\/mk_fancy_title][mk_fancy_title color=&#8221;#368949&#8243; size=&#8221;38&#8243; txt_transform=&#8221;uppercase&#8221; margin_top=&#8221;10&#8243; font_family=&#8221;none&#8221; el_class=&#8221;font-pbold no-margin&#8221;]Focado em esportes[\/mk_fancy_title][vc_separator color=&#8221;black&#8221; align=&#8221;align_left&#8221; border_width=&#8221;4&#8243; el_width=&#8221;20&#8243; el_class=&#8221;sep-height&#8221;][mk_fancy_title tag_name=&#8221;span&#8221; color=&#8221;#000000&#8243; size=&#8221;15&#8243; margin_bottom=&#8221;0&#8243; font_family=&#8221;none&#8221; el_class=&#8221;bloc-text-page&#8221;]O Col\u00e9gio combinar\u00e1 um programa acad\u00eamico rigoroso com atividades esportivas. Visa estabelecer um programa focado em esportes, utilizando uma infraestrutura de ponta e o conhecimento em esportes dispon\u00edvel em Mont-Tremblant. Tal programa ser\u00e1 concentrado em esqui cross-country, esqui alpino, ciclismo de estrada e mountain bike, triatlo, golfe, t\u00eanis e remo.<\/p>\n<p>Os jovens de hoje que buscam desempenho de alto n\u00edvel nos esportes devem ter habilidades organizacionais e de lideran\u00e7a, al\u00e9m de serem capazes de responder uma s\u00e9rie de quest\u00f5es e defender as mais diversas opini\u00f5es. Isso significa que precisam ser treinados fisicamente, psicologicamente, taticamente e tecnicamente para que se destaquem.<\/p>\n<p>Mais do que tudo, os alunos precisam de um ensino de excel\u00eancia, que os permita avaliar seus resultados e buscar um lugar na sociedade.<\/p>\n<p>O programa dispon\u00edvel, combinando o desenvolvimento acad\u00eamico e de esportes, est\u00e1 baseado em valores que reconhecem a import\u00e2ncia da cultura e as regras de conduta para transmitir as habilidades e o conhecimento aos alunos.<\/p>\n<p>Al\u00e9m de um programa acad\u00eamico de n\u00edvel superior, oferecemos um m\u00e9todo de treinamento de jovens atletas de acordo com o seu ritmo natural de aprendizagem, idade, habilidade e objetivos. Nosso papel \u00e9 capacitar os jovens, oferecendo-lhes os meios adequados para que encontrem suas pr\u00f3prias solu\u00e7\u00f5es dentro de regras claras e precisas, para que tenham sempre acesso ao seu progresso e quais resultados querem atingir.<\/p>\n<p>Acreditamos que somente os melhores materiais e ferramentas de ensino ser\u00e3o capazes de auxiliar os atletas no seu desenvolvimento, e apenas atletas bem preparados f\u00edsica e espiritualmente podem alcan\u00e7ar o sucesso na carreira de esportes ou na sociedade.<\/p>\n<p>O programa estabelecido para as diversas disciplinas do esporte utilizar\u00e1 o perfil de coordena\u00e7\u00e3o motora, regras b\u00e1sicas de f\u00edsica, an\u00e1lise de v\u00eddeos, cinesiologia, perfis de vis\u00e3o, osteopatia e t\u00e9cnicas motivacionais.<\/p>\n<p>O ano acad\u00eamico ser\u00e1 dividido em diversas partes. Torneios ou competi\u00e7\u00f5es servir\u00e3o tanto como metas quanto premia\u00e7\u00f5es.[\/mk_fancy_title][\/vc_column][\/mk_page_section][mk_page_section layout_structure=&#8221;half_left&#8221; bg_image=&#8221;https:\/\/collegeinternationalmont-tremblant.com\/wp-content\/uploads\/2017\/09\/bg-programme-international.jpg&#8221; bg_color=&#8221;#368945&#8243; bg_stretch=&#8221;true&#8221; video_loop=&#8221;false&#8221; full_width=&#8221;true&#8221; js_vertical_centered=&#8221;true&#8221; padding_top=&#8221;80&#8243; padding_bottom=&#8221;80&#8243;][vc_column][mk_fancy_title color=&#8221;#ffffff&#8221; size=&#8221;32&#8243; txt_transform=&#8221;uppercase&#8221; margin_bottom=&#8221;0&#8243; font_family=&#8221;none&#8221; el_class=&#8221;font-pmedium no-margin&#8221;]Programa\u00a0internacional[\/mk_fancy_title][mk_fancy_title color=&#8221;#000000&#8243; size=&#8221;38&#8243; txt_transform=&#8221;uppercase&#8221; margin_top=&#8221;10&#8243; font_family=&#8221;none&#8221; el_class=&#8221;font-pbold no-margin&#8221;]Com foco em cultura e idioma[\/mk_fancy_title][vc_separator color=&#8221;black&#8221; align=&#8221;align_left&#8221; border_width=&#8221;4&#8243; el_width=&#8221;20&#8243; el_class=&#8221;sep-height&#8221;][mk_fancy_title tag_name=&#8221;span&#8221; color=&#8221;#ffffff&#8221; size=&#8221;15&#8243; margin_bottom=&#8221;0&#8243; font_family=&#8221;none&#8221; el_class=&#8221;bloc-text-page bold-height&#8221;]O programa internacional inclui as seguintes atividades:<\/p>\n<ul>\n<li>Aprimoramento do franc\u00eas, e ingl\u00eas como segunda l\u00edngua, dependendo do primeiro idioma do aluno;<\/li>\n<li>Aprendizado de um terceiro idioma;<\/li>\n<li>Acesso a diferentes culturas, hist\u00f3ria, geografia e literatura;<\/li>\n<li>Atividades de interc\u00e2mbio cultural, viagens, f\u00f3runs virtuais e de comunica\u00e7\u00e3o.<\/li>\n<\/ul>\n<p>Esse programa visa:<\/p>\n<ul>\n<li>Educar cidad\u00e3os do mundo em cultura, idioma e conviv\u00eancia;<\/li>\n<li>Desenvolver e fortalecer a conscientiza\u00e7\u00e3o e o senso de identidade cultural dos alunos;<\/li>\n<li>Reconhecer e aprofundar os valores universais;<\/li>\n<li>Estimular a curiosidade e o questionamento para induzir o esp\u00edrito de descoberta e o gosto pelo aprendizado;<\/li>\n<li>Proporcionar aos estudantes as habilidades de aprendizado e aquisi\u00e7\u00e3o de conhecimento, individualmente ou emgrupo; aplicar tal conhecimento e habilidades em outros campos.<\/li>\n<li>Oferecer conte\u00fado internacional enquanto responde por necessidades e interesses locais;<\/li>\n<li>Incentivar a diversidade e a flexibilidade nos m\u00e9todos de aprendizado;<\/li>\n<li>Apresentar os formul\u00e1rios apropriados de avalia\u00e7\u00e3o internacional e benchmarking.<\/li>\n<\/ul>\n<p>Al\u00e9m do Secondary School Diploma (DES), os alunos matriculados nesse programa receber\u00e3o um certificado pelo programa Cambridge IGCSE.[\/mk_fancy_title][\/vc_column][\/mk_page_section]\n<\/div>","protected":false},"excerpt":{"rendered":"<p>[mk_page_section layout_structure=&#8221;half_left&#8221; bg_image=&#8221;https:\/\/collegeinternationalmont-tremblant.com\/wp-content\/uploads\/2017\/09\/bg-bloc-default.jpg&#8221; bg_color=&#8221;#368945&#8243; bg_stretch=&#8221;true&#8221; video_loop=&#8221;false&#8221; full_width=&#8221;true&#8221; js_vertical_centered=&#8221;true&#8221; padding_top=&#8221;80&#8243; padding_bottom=&#8221;80&#8243;][vc_column][mk_fancy_title color=&#8221;#ffffff&#8221; size=&#8221;32&#8243; txt_transform=&#8221;uppercase&#8221; margin_bottom=&#8221;0&#8243; font_family=&#8221;none&#8221; el_class=&#8221;font-pbold no-margin&#8221;]PROGRAMAS OFERECIDOS PELO COL\u00c9GIO[\/mk_fancy_title][vc_separator color=&#8221;black&#8221; align=&#8221;align_left&#8221; border_width=&#8221;4&#8243; el_width=&#8221;20&#8243; el_class=&#8221;sep-height&#8221;][mk_fancy_title tag_name=&#8221;span&#8221; color=&#8221;#ffffff&#8221; size=&#8221;15&#8243; margin_bottom=&#8221;0&#8243; font_family=&#8221;none&#8221; el_class=&#8221;bloc-text-page bold-height&#8221;]O CIMT planeja desenvolver um projeto educacional que atender\u00e1 as expectativas tanto dos pais quanto dos estudantes. Dessa maneira, o projeto refletir\u00e1 as prioridades [&hellip;]<\/p>\n","protected":false},"author":2,"featured_media":0,"parent":0,"menu_order":0,"comment_status":"closed","ping_status":"closed","template":"","meta":{"footnotes":""},"_links":{"self":[{"href":"https:\/\/collegeinternationalmont-tremblant.com\/pt-pt\/wp-json\/wp\/v2\/pages\/250"}],"collection":[{"href":"https:\/\/collegeinternationalmont-tremblant.com\/pt-pt\/wp-json\/wp\/v2\/pages"}],"about":[{"href":"https:\/\/collegeinternationalmont-tremblant.com\/pt-pt\/wp-json\/wp\/v2\/types\/page"}],"author":[{"embeddable":true,"href":"https:\/\/collegeinternationalmont-tremblant.com\/pt-pt\/wp-json\/wp\/v2\/users\/2"}],"replies":[{"embeddable":true,"href":"https:\/\/collegeinternationalmont-tremblant.com\/pt-pt\/wp-json\/wp\/v2\/comments?post=250"}],"version-history":[{"count":3,"href":"https:\/\/collegeinternationalmont-tremblant.com\/pt-pt\/wp-json\/wp\/v2\/pages\/250\/revisions"}],"predecessor-version":[{"id":253,"href":"https:\/\/collegeinternationalmont-tremblant.com\/pt-pt\/wp-json\/wp\/v2\/pages\/250\/revisions\/253"}],"wp:attachment":[{"href":"https:\/\/collegeinternationalmont-tremblant.com\/pt-pt\/wp-json\/wp\/v2\/media?parent=250"}],"curies":[{"name":"wp","href":"https:\/\/api.w.org\/{rel}","templated":true}]}}