{"id":237,"date":"2017-09-08T15:56:37","date_gmt":"2017-09-08T19:56:37","guid":{"rendered":"https:\/\/collegeinternationalmont-tremblant.com\/le-site-cimt\/"},"modified":"2017-09-21T16:57:10","modified_gmt":"2017-09-21T20:57:10","slug":"o-lugar","status":"publish","type":"page","link":"https:\/\/collegeinternationalmont-tremblant.com\/pt-pt\/o-lugar\/","title":{"rendered":"O Lugar"},"content":{"rendered":"[mk_page_section layout_structure=&#8221;half_left&#8221; bg_image=&#8221;https:\/\/collegeinternationalmont-tremblant.com\/wp-content\/uploads\/2017\/09\/bg-tremblant.jpg&#8221; bg_color=&#8221;#368945&#8243; bg_stretch=&#8221;true&#8221; video_loop=&#8221;false&#8221; full_width=&#8221;true&#8221; js_vertical_centered=&#8221;true&#8221; padding_top=&#8221;80&#8243; padding_bottom=&#8221;80&#8243;][vc_column][mk_fancy_title color=&#8221;#ffffff&#8221; size=&#8221;32&#8243; txt_transform=&#8221;uppercase&#8221; margin_bottom=&#8221;0&#8243; font_family=&#8221;none&#8221; el_class=&#8221;font-pbold no-margin&#8221;]UM BELO CEN\u00c1RIO NATURAL[\/mk_fancy_title][vc_separator color=&#8221;black&#8221; align=&#8221;align_left&#8221; border_width=&#8221;4&#8243; el_width=&#8221;20&#8243; el_class=&#8221;sep-height&#8221;][mk_fancy_title tag_name=&#8221;span&#8221; color=&#8221;#ffffff&#8221; size=&#8221;15&#8243; margin_bottom=&#8221;0&#8243; font_family=&#8221;none&#8221; el_class=&#8221;bloc-text-page&#8221;]Localizado pr\u00f3ximo ao famoso Mont-Tremblant Resort, o novo Mont-Tremblant International<br \/>\nCollege (CIMT) receber\u00e1 estudantes de todas as partes do mundo.<\/p>\n<p>O Col\u00e9gio oferecer\u00e1 ensino de excel\u00eancia, com foco em esportes e educa\u00e7\u00e3o internacional, disponibilizando tanto o curriculum do Minist\u00e8re de l\u2019\u00c9ducation et de l\u2019Enseignement sup\u00e9rieur (Minist\u00e9rio da Educa\u00e7\u00e3o de Quebec) quanto o programa internacionalmente conhecido de Cambridge, o IGCSE.<\/p>\n<p>O programa direcionado a esportes utilizar\u00e1 as excelentes instala\u00e7\u00f5es dispon\u00edveis em Mont-Tremblant. O programa internacional ser\u00e1 focado no aprendizado de idiomas, artes e cultura.<br \/>\nOs cursos ser\u00e3o oferecidos em franc\u00eas e ingl\u00eas.<\/p>\n<p>O \u00edndice estudante\/ professor de 10 a 1 demonstra a import\u00e2ncia que o Col\u00e9gio coloca no ensino personalizado e desenvolvimento individual.<\/p>\n<p>O Col\u00e9gio planeja receber cem estudantes no seu primeiro ano, e todos ficar\u00e3o morando no local.[\/mk_fancy_title][\/vc_column][\/mk_page_section][mk_page_section layout_structure=&#8221;half_right&#8221; bg_image=&#8221;https:\/\/collegeinternationalmont-tremblant.com\/wp-content\/uploads\/2017\/09\/bg-golf.jpg&#8221; bg_color=&#8221;#ffffff&#8221; bg_stretch=&#8221;true&#8221; video_loop=&#8221;false&#8221; full_width=&#8221;true&#8221; js_vertical_centered=&#8221;true&#8221; padding_top=&#8221;80&#8243; padding_bottom=&#8221;80&#8243;][vc_column][mk_fancy_title color=&#8221;#000000&#8243; size=&#8221;32&#8243; txt_transform=&#8221;uppercase&#8221; margin_bottom=&#8221;0&#8243; font_family=&#8221;none&#8221; el_class=&#8221;font-pbold no-margin&#8221;]UM AMBIENTE SUNTUOSO E ESTIMULANTE PR\u00d3XIMO[\/mk_fancy_title][mk_fancy_title color=&#8221;#000000&#8243; size=&#8221;25&#8243; margin_top=&#8221;10&#8243; font_family=&#8221;none&#8221; el_class=&#8221;font-pmedium no-margin&#8221;]a um dos destinos internacionais mais conceituados do mundo[\/mk_fancy_title][vc_separator color=&#8221;black&#8221; align=&#8221;align_left&#8221; border_width=&#8221;4&#8243; el_width=&#8221;20&#8243; el_class=&#8221;sep-height&#8221;][mk_fancy_title tag_name=&#8221;span&#8221; color=&#8221;#000000&#8243; size=&#8221;15&#8243; margin_bottom=&#8221;0&#8243; font_family=&#8221;none&#8221; el_class=&#8221;bloc-text-page&#8221;]A regi\u00e3o de Mont-Tremblant oferece oportunidades extraordin\u00e1rias para estudantes que querem se dedicar aos esportes, e a qualquer pessoa com vontade de aproveitar os benef\u00edcios de um ambiente saud\u00e1vel e natural. A alguns passos do Col\u00e9gio, voc\u00ea encontrar\u00e1:<\/p>\n<ul>\n<li>Parque Nacional de Mont-Tremblant, o maior parque nacional de Quebec;<\/li>\n<li>Mont-Tremblant Resort, mundialmente conhecido por sua vila em estilo alpino e eventos importantes de esportes;<\/li>\n<li>Domaine Saint-Bernard, um excepcional parque ecol\u00f3gico preservado;<\/li>\n<li>Centro de esqui cross-country Mont-Tremblant, com os seus mais de 100 km de trilhas;<\/li>\n<li>Cursos de golfe renomados, incluindo Le Diable, Le G\u00e9ant e La B\u00eate;<\/li>\n<li>Academia de T\u00eanis Internacional Andr\u00e9 Lemaire Mont-Tremblant.<\/li>\n<\/ul>\n<p>O Aeroporto Internacional Mont-Tremblant, localizado a apenas 35 km do Col\u00e9gio, oferece voos diretos de\/ para Nova York e Toronto.[\/mk_fancy_title][\/vc_column][\/mk_page_section][mk_page_section layout_structure=&#8221;half_left&#8221; bg_image=&#8221;https:\/\/collegeinternationalmont-tremblant.com\/wp-content\/uploads\/2017\/09\/bg-bloc-default.jpg&#8221; bg_color=&#8221;#368945&#8243; bg_stretch=&#8221;true&#8221; video_loop=&#8221;false&#8221; full_width=&#8221;true&#8221; js_vertical_centered=&#8221;true&#8221; padding_top=&#8221;80&#8243; padding_bottom=&#8221;80&#8243;][vc_column][mk_fancy_title color=&#8221;#ffffff&#8221; size=&#8221;32&#8243; txt_transform=&#8221;uppercase&#8221; margin_bottom=&#8221;0&#8243; font_family=&#8221;none&#8221; el_class=&#8221;font-pbold no-margin&#8221;]A LOCALIZA\u00c7\u00c3O DO CIMT[\/mk_fancy_title][vc_separator color=&#8221;black&#8221; align=&#8221;align_left&#8221; border_width=&#8221;4&#8243; el_width=&#8221;20&#8243; el_class=&#8221;sep-height&#8221;][mk_fancy_title tag_name=&#8221;span&#8221; color=&#8221;#ffffff&#8221; size=&#8221;15&#8243; margin_bottom=&#8221;0&#8243; font_family=&#8221;none&#8221; el_class=&#8221;bloc-text-page&#8221;]A escolha do local para o campus do Col\u00e9gio aconteceu ap\u00f3s uma an\u00e1lise minuciosa de v\u00e1rias caracter\u00edsticas das institui\u00e7\u00f5es que fazem parte do projeto CIMT no Canad\u00e1, Estados Unidos e Europa. Os principais fatores foram:<\/p>\n<ul>\n<li>Excelente \u00e1rea natural no entorno do Col\u00e9gio;<\/li>\n<li>\u00c1rea m\u00ednima de 65 acres;<\/li>\n<li>Localiza\u00e7\u00e3o segura para estudantes em geral;<\/li>\n<li>Integra\u00e7\u00e3o perfeita com o campo nas adjac\u00eancias;<\/li>\n<li>Proximidade a \u00e1reas com diversas atividades, o que acrescenta uma caracter\u00edstica diferenciada ao local (resort para esqui, parque nacional, trilhas para caminhadas, golfe, t\u00eanis etc.);<\/li>\n<li>Acesso a Lac Ouimet e Rivi\u00e8re du Diable.<\/li>\n<\/ul>\n<p>O excelente cen\u00e1rio de montanha do campus do Col\u00e9gio ser\u00e1 refor\u00e7ado pelas seguintes caracter\u00edsticas:<\/p>\n<ul>\n<li>Somente 15% do espa\u00e7o total ser\u00e1 dedicado ao campus propriamente dito (pr\u00e9dios, esportes e playgrounds, estacionamento etc.);<\/li>\n<li>85% da \u00e1rea ser\u00e1 preservada em seu estado natural.<\/li>\n<\/ul>\n<p>A infraestrutura de alta qualidade ser\u00e1 projetada para estar em perfeita harmonia com o cen\u00e1rio natural. Constru\u00eddos com materiais tradicionais e um estilo arquitet\u00f4nico que se ajusta perfeitamente ao meio ambiente, os pr\u00e9dios ter\u00e3o janelas amplas, \u00e1reas comuns convidativas e sinaliza\u00e7\u00e3o que respeita a caracter\u00edstica natural de Mont-Tremblant.<\/p>\n<p><strong>Vale a pena observar que as \u00e1rvores saud\u00e1veis e maduras do local ser\u00e3o preservadas.<\/strong>[\/mk_fancy_title][\/vc_column][\/mk_page_section]\n","protected":false},"excerpt":{"rendered":"<p>[mk_page_section layout_structure=&#8221;half_left&#8221; bg_image=&#8221;https:\/\/collegeinternationalmont-tremblant.com\/wp-content\/uploads\/2017\/09\/bg-tremblant.jpg&#8221; bg_color=&#8221;#368945&#8243; bg_stretch=&#8221;true&#8221; video_loop=&#8221;false&#8221; full_width=&#8221;true&#8221; js_vertical_centered=&#8221;true&#8221; padding_top=&#8221;80&#8243; padding_bottom=&#8221;80&#8243;][vc_column][mk_fancy_title color=&#8221;#ffffff&#8221; size=&#8221;32&#8243; txt_transform=&#8221;uppercase&#8221; margin_bottom=&#8221;0&#8243; font_family=&#8221;none&#8221; el_class=&#8221;font-pbold no-margin&#8221;]UM BELO CEN\u00c1RIO NATURAL[\/mk_fancy_title][vc_separator color=&#8221;black&#8221; align=&#8221;align_left&#8221; border_width=&#8221;4&#8243; el_width=&#8221;20&#8243; el_class=&#8221;sep-height&#8221;][mk_fancy_title tag_name=&#8221;span&#8221; color=&#8221;#ffffff&#8221; size=&#8221;15&#8243; margin_bottom=&#8221;0&#8243; font_family=&#8221;none&#8221; el_class=&#8221;bloc-text-page&#8221;]Localizado pr\u00f3ximo ao famoso Mont-Tremblant Resort, o novo Mont-Tremblant International College (CIMT) receber\u00e1 estudantes de todas as partes do mundo. O Col\u00e9gio oferecer\u00e1 ensino de [&hellip;]<\/p>\n","protected":false},"author":2,"featured_media":0,"parent":0,"menu_order":0,"comment_status":"closed","ping_status":"closed","template":"","meta":{"footnotes":""},"_links":{"self":[{"href":"https:\/\/collegeinternationalmont-tremblant.com\/pt-pt\/wp-json\/wp\/v2\/pages\/237"}],"collection":[{"href":"https:\/\/collegeinternationalmont-tremblant.com\/pt-pt\/wp-json\/wp\/v2\/pages"}],"about":[{"href":"https:\/\/collegeinternationalmont-tremblant.com\/pt-pt\/wp-json\/wp\/v2\/types\/page"}],"author":[{"embeddable":true,"href":"https:\/\/collegeinternationalmont-tremblant.com\/pt-pt\/wp-json\/wp\/v2\/users\/2"}],"replies":[{"embeddable":true,"href":"https:\/\/collegeinternationalmont-tremblant.com\/pt-pt\/wp-json\/wp\/v2\/comments?post=237"}],"version-history":[{"count":5,"href":"https:\/\/collegeinternationalmont-tremblant.com\/pt-pt\/wp-json\/wp\/v2\/pages\/237\/revisions"}],"predecessor-version":[{"id":322,"href":"https:\/\/collegeinternationalmont-tremblant.com\/pt-pt\/wp-json\/wp\/v2\/pages\/237\/revisions\/322"}],"wp:attachment":[{"href":"https:\/\/collegeinternationalmont-tremblant.com\/pt-pt\/wp-json\/wp\/v2\/media?parent=237"}],"curies":[{"name":"wp","href":"https:\/\/api.w.org\/{rel}","templated":true}]}}