{"id":225,"date":"2017-09-21T10:25:51","date_gmt":"2017-09-21T14:25:51","guid":{"rendered":"https:\/\/collegeinternationalmont-tremblant.com\/?page_id=225"},"modified":"2017-09-21T11:31:36","modified_gmt":"2017-09-21T15:31:36","slug":"o-colegio","status":"publish","type":"page","link":"https:\/\/collegeinternationalmont-tremblant.com\/pt-pt\/o-colegio\/","title":{"rendered":"O Col\u00e9gio"},"content":{"rendered":"[mk_page_section layout_structure=&#8221;half_left&#8221; bg_image=&#8221;https:\/\/collegeinternationalmont-tremblant.com\/wp-content\/uploads\/2017\/09\/bg-bloc-default.jpg&#8221; bg_color=&#8221;#368945&#8243; bg_stretch=&#8221;true&#8221; video_loop=&#8221;false&#8221; full_width=&#8221;true&#8221; js_vertical_centered=&#8221;true&#8221; padding_top=&#8221;80&#8243; padding_bottom=&#8221;80&#8243;][vc_column][mk_fancy_title color=&#8221;#ffffff&#8221; size=&#8221;32&#8243; txt_transform=&#8221;uppercase&#8221; margin_bottom=&#8221;0&#8243; font_family=&#8221;none&#8221; el_class=&#8221;font-pbold no-margin&#8221;]VIS\u00c3O DO CIMT[\/mk_fancy_title][vc_separator color=&#8221;black&#8221; align=&#8221;align_left&#8221; border_width=&#8221;4&#8243; el_width=&#8221;20&#8243; el_class=&#8221;sep-height&#8221;][mk_fancy_title tag_name=&#8221;span&#8221; color=&#8221;#ffffff&#8221; size=&#8221;15&#8243; margin_bottom=&#8221;0&#8243; font_family=&#8221;none&#8221; el_class=&#8221;bloc-text-page bold-height&#8221;]No contexto internacional de hoje, das sociedades que se abrem para o mundo, dos desafios globais em torno da melhoria da sa\u00fade e qualidade de vida, da r\u00e1pida mudan\u00e7a tecnol\u00f3gica e da globaliza\u00e7\u00e3o, o CMIT pretende oferecer aos estudantes:<\/p>\n<ul>\n<li>Programas acad\u00eamicos fundamentados em um ensino de qualidade, que capacitar\u00e3o os alunos para alcan\u00e7arem suas metas pessoais, continuarem com o seu crescimento intelectual e garantirem uma prepara\u00e7\u00e3o s\u00f3lida para o ensino superior;<\/li>\n<li>Apoio pedag\u00f3gico e did\u00e1tico, que induz ao crescimento pessoal, educa\u00e7\u00e3o global e integra\u00e7\u00e3o com a comunidade;<\/li>\n<li>Um ambiente vivo, em harmonia com a natureza, que favorece o bem-estar f\u00edsico, \u00e9tico e espiritual.<\/li>\n<\/ul>\n<p>O CIMT ser\u00e1 administrado pelo Coll\u00e8ge Letendre, uma institui\u00e7\u00e3o com reputa\u00e7\u00e3o consagrada h\u00e1 mais de 40 anos.<br \/>\nUm ensino secund\u00e1rio, fundamentado pelos valores universais da humanidade e transpar\u00eancia para o mundo, ser\u00e1 proporcionado nos idiomas franc\u00eas e ingl\u00eas.<\/p>\n<p>O CIMT far\u00e1 parte da rede particular de ensino liderada pelo Coll\u00e8ge Letendre, que inclui ainda o Coll\u00e8ge Laurentien, Coll\u00e8ge Citoyen em Laval e Coll\u00e8ge Boisbriand em Lower Laurentians.<\/p>\n<p>Localizado no cora\u00e7\u00e3o da natureza, o Col\u00e9gio estar\u00e1 focado em quatro \u00e1reas principais:<br \/>\n<strong>Lideran\u00e7a empreendedora:<\/strong> um curso de cinco anos do ensino m\u00e9dio que oferece uma abordagem din\u00e2mica \u00e0 aprendizagem empresarial.<br \/>\n<strong>Sa\u00fade e qualidade de vida:<\/strong> nutri\u00e7\u00e3o adequada, estilos de vida saud\u00e1veis, atividade f\u00edsica regular, gerenciamento de stress etc.<br \/>\n<strong>Respeito pelo meio ambiente:<\/strong> prote\u00e7\u00e3o da natureza, fauna, flora e recursos h\u00eddricos, por meio da conscientiza\u00e7\u00e3o do impacto da nossa presen\u00e7a em torno dos organismos vivos.<br \/>\n<strong>Cidadania:<\/strong> conscientiza\u00e7\u00e3o de que todos os seres humanos s\u00e3o iguais; transpar\u00eancia com os outros; compreens\u00e3o e respeito m\u00fatuo.[\/mk_fancy_title][\/vc_column][\/mk_page_section][mk_page_section layout_structure=&#8221;half_right&#8221; bg_image=&#8221;https:\/\/collegeinternationalmont-tremblant.com\/wp-content\/uploads\/2017\/09\/bg-programme-international.jpg&#8221; bg_color=&#8221;#ffffff&#8221; bg_stretch=&#8221;true&#8221; video_loop=&#8221;false&#8221; full_width=&#8221;true&#8221; js_vertical_centered=&#8221;true&#8221; padding_top=&#8221;80&#8243; padding_bottom=&#8221;80&#8243;][vc_column][mk_fancy_title color=&#8221;#000000&#8243; size=&#8221;32&#8243; txt_transform=&#8221;uppercase&#8221; margin_bottom=&#8221;0&#8243; font_family=&#8221;none&#8221; el_class=&#8221;font-pbold no-margin&#8221;]PRINCIPAIS OBJETIVOS DO CIMT[\/mk_fancy_title][vc_separator color=&#8221;black&#8221; align=&#8221;align_left&#8221; border_width=&#8221;4&#8243; el_width=&#8221;20&#8243; el_class=&#8221;sep-height&#8221;][mk_fancy_title tag_name=&#8221;span&#8221; color=&#8221;#000000&#8243; size=&#8221;15&#8243; margin_bottom=&#8221;0&#8243; font_family=&#8221;none&#8221; el_class=&#8221;bloc-text-page&#8221;]Os principais objetivos do CIMT s\u00e3o:<\/p>\n<ul>\n<li>Oferecer um treinamento de excel\u00eancia, reconhecido pelo Minist\u00e9rio da Educa\u00e7\u00e3o de Quebec e pelas principais institui\u00e7\u00f5es p\u00f3s-secund\u00e1rias em todo o mundo;<\/li>\n<li>Promover a pr\u00e1tica de esportes dentro de um programa acad\u00eamico muito bem qualificado;<\/li>\n<li>Preparar os alunos com a base e as qualifica\u00e7\u00f5es necess\u00e1rias para contribu\u00edrem com um desenvolvimento harmonioso da sua comunidade, com o devido respeito ao meio ambiente;<\/li>\n<li>Compartilhar o capital humano, cultural e econ\u00f4mico do Col\u00e9gio com a comunidade regional.<\/li>\n<\/ul>\n[\/mk_fancy_title][\/vc_column][\/mk_page_section][mk_page_section layout_structure=&#8221;half_left&#8221; bg_image=&#8221;https:\/\/collegeinternationalmont-tremblant.com\/wp-content\/uploads\/2017\/09\/bg-tremblant.jpg&#8221; bg_color=&#8221;#368945&#8243; bg_stretch=&#8221;true&#8221; video_loop=&#8221;false&#8221; full_width=&#8221;true&#8221; js_vertical_centered=&#8221;true&#8221; padding_top=&#8221;80&#8243; padding_bottom=&#8221;80&#8243;][vc_column][mk_fancy_title color=&#8221;#ffffff&#8221; size=&#8221;32&#8243; txt_transform=&#8221;uppercase&#8221; margin_bottom=&#8221;0&#8243; font_family=&#8221;none&#8221; el_class=&#8221;font-pbold no-margin&#8221;]TAMANHO DAS TURMAS[\/mk_fancy_title][vc_separator color=&#8221;black&#8221; align=&#8221;align_left&#8221; border_width=&#8221;4&#8243; el_width=&#8221;20&#8243; el_class=&#8221;sep-height&#8221;][mk_fancy_title tag_name=&#8221;span&#8221; color=&#8221;#ffffff&#8221; size=&#8221;15&#8243; margin_bottom=&#8221;0&#8243; font_family=&#8221;none&#8221; el_class=&#8221;bloc-text-page bold-height&#8221;]Nossas turmas ser\u00e3o formadas por estudantes motivados (tanto em n\u00edvel local quanto internacional), capazes de serem bem-sucedidos em seus estudos e ansiosos para investir no seu futuro. Sob nenhuma circunst\u00e2ncia, as turmas ter\u00e3o mais de 20 alunos.<\/p>\n<p>O n\u00famero limitado de estudantes no Col\u00e9gio nos permite promover uma abordagem flex\u00edvel e personalizada. Ser\u00e1 dada uma aten\u00e7\u00e3o especial para integrar os estudantes \u00e0 comunidade local.<\/p>\n<p><strong>HOR\u00c1RIO DI\u00c1RIO DA ESCOLA<\/strong><br \/>\nOs hor\u00e1rios dos alunos s\u00e3o baseados no ciclo de 18 dias. Eles assistir\u00e3o 4 aulas (75 minutos) por dia, entre 8h10 e 14:35h. O almo\u00e7o \u00e9 das 12:15h \u00e0s 15:20h para todas as s\u00e9ries.<\/p>\n<p><strong>MORA DIA NA ESCOLA<\/strong><br \/>\nOs estudantes v\u00e3o morar no campus 7 dias por semana durante a ano letivo, com exce\u00e7\u00e3o de duas semanas consecutivas de f\u00e9rias (per\u00edodo do Natal\/ f\u00e9rias de inverno). Um programa com v\u00e1rias atividades, incluindo um per\u00edodo de estudos supervisionados, bem como atividades sociais, esportivas e culturais, tamb\u00e9m \u00e9 planejado fora do hor\u00e1rio de aula.<br \/>\nExcurs\u00f5es culturais e esportivas acontecer\u00e3o durante o ano, como por exemplo:<\/p>\n<ul>\n<li>Carnaval da cidade de Quebec e excurs\u00e3o para o Ice Hotel;<\/li>\n<li>Viagens para Montreal, Ottawa e Toronto;<\/li>\n<li>Rafting na primavera;<\/li>\n<li>Viagem \u00e0 cabana de a\u00e7\u00facar.<\/li>\n<\/ul>\n<p><strong>TAXAS E INCLUS\u00d5ES<\/strong><br \/>\nA taxa de mensalidade \u00e9 62 mil d\u00f3lares canadenses por ano letivo.<\/p>\n<p>Essa taxa inclui:<\/p>\n<ul>\n<li>Programa acad\u00eamico;<\/li>\n<li>Moradia no campus (7 dias\/ semana);<\/li>\n<li>Refei\u00e7\u00f5es;<\/li>\n<li>Atividades did\u00e1ticas e extracurriculares;<\/li>\n<li>Aulas particulares em franc\u00eas e em ingl\u00eas (40 horas);<\/li>\n<li>Aluguel de equipamentos para esportes (esquis, botas, botes);<\/li>\n<li>Eventos culturais e esportivos (4);<\/li>\n<li>Uniformes e lavanderia;<\/li>\n<li>Livros e material escolar;<\/li>\n<li>Transporte (excurs\u00e3o e shuttle para os aeroportos), arm\u00e1rio, cadeado;<\/li>\n<\/ul>\n[\/mk_fancy_title][\/vc_column][\/mk_page_section]\n","protected":false},"excerpt":{"rendered":"<p>[mk_page_section layout_structure=&#8221;half_left&#8221; bg_image=&#8221;https:\/\/collegeinternationalmont-tremblant.com\/wp-content\/uploads\/2017\/09\/bg-bloc-default.jpg&#8221; bg_color=&#8221;#368945&#8243; bg_stretch=&#8221;true&#8221; video_loop=&#8221;false&#8221; full_width=&#8221;true&#8221; js_vertical_centered=&#8221;true&#8221; padding_top=&#8221;80&#8243; padding_bottom=&#8221;80&#8243;][vc_column][mk_fancy_title color=&#8221;#ffffff&#8221; size=&#8221;32&#8243; txt_transform=&#8221;uppercase&#8221; margin_bottom=&#8221;0&#8243; font_family=&#8221;none&#8221; el_class=&#8221;font-pbold no-margin&#8221;]VIS\u00c3O DO CIMT[\/mk_fancy_title][vc_separator color=&#8221;black&#8221; align=&#8221;align_left&#8221; border_width=&#8221;4&#8243; el_width=&#8221;20&#8243; el_class=&#8221;sep-height&#8221;][mk_fancy_title tag_name=&#8221;span&#8221; color=&#8221;#ffffff&#8221; size=&#8221;15&#8243; margin_bottom=&#8221;0&#8243; font_family=&#8221;none&#8221; el_class=&#8221;bloc-text-page bold-height&#8221;]No contexto internacional de hoje, das sociedades que se abrem para o mundo, dos desafios globais em torno da melhoria da sa\u00fade e qualidade de [&hellip;]<\/p>\n","protected":false},"author":2,"featured_media":0,"parent":0,"menu_order":0,"comment_status":"closed","ping_status":"closed","template":"","meta":{"footnotes":""},"_links":{"self":[{"href":"https:\/\/collegeinternationalmont-tremblant.com\/pt-pt\/wp-json\/wp\/v2\/pages\/225"}],"collection":[{"href":"https:\/\/collegeinternationalmont-tremblant.com\/pt-pt\/wp-json\/wp\/v2\/pages"}],"about":[{"href":"https:\/\/collegeinternationalmont-tremblant.com\/pt-pt\/wp-json\/wp\/v2\/types\/page"}],"author":[{"embeddable":true,"href":"https:\/\/collegeinternationalmont-tremblant.com\/pt-pt\/wp-json\/wp\/v2\/users\/2"}],"replies":[{"embeddable":true,"href":"https:\/\/collegeinternationalmont-tremblant.com\/pt-pt\/wp-json\/wp\/v2\/comments?post=225"}],"version-history":[{"count":4,"href":"https:\/\/collegeinternationalmont-tremblant.com\/pt-pt\/wp-json\/wp\/v2\/pages\/225\/revisions"}],"predecessor-version":[{"id":230,"href":"https:\/\/collegeinternationalmont-tremblant.com\/pt-pt\/wp-json\/wp\/v2\/pages\/225\/revisions\/230"}],"wp:attachment":[{"href":"https:\/\/collegeinternationalmont-tremblant.com\/pt-pt\/wp-json\/wp\/v2\/media?parent=225"}],"curies":[{"name":"wp","href":"https:\/\/api.w.org\/{rel}","templated":true}]}}