{"id":305,"date":"2017-09-08T16:16:53","date_gmt":"2017-09-08T20:16:53","guid":{"rendered":"https:\/\/collegeinternationalmont-tremblant.com\/programmes\/"},"modified":"2017-09-21T13:14:21","modified_gmt":"2017-09-21T17:14:21","slug":"programas","status":"publish","type":"page","link":"https:\/\/collegeinternationalmont-tremblant.com\/es\/programas\/","title":{"rendered":"Programas"},"content":{"rendered":"<div class=\"wpb-content-wrapper\">[mk_page_section layout_structure=\u00bbhalf_left\u00bb bg_image=\u00bbhttps:\/\/collegeinternationalmont-tremblant.com\/wp-content\/uploads\/2017\/09\/bg-bloc-default.jpg\u00bb bg_color=\u00bb#368945&#8243; bg_stretch=\u00bbtrue\u00bb video_loop=\u00bbfalse\u00bb full_width=\u00bbtrue\u00bb js_vertical_centered=\u00bbtrue\u00bb padding_top=\u00bb80&#8243; padding_bottom=\u00bb80&#8243;][vc_column][mk_fancy_title color=\u00bb#ffffff\u00bb size=\u00bb32&#8243; txt_transform=\u00bbuppercase\u00bb margin_bottom=\u00bb0&#8243; font_family=\u00bbnone\u00bb el_class=\u00bbfont-pbold no-margin\u00bb]Programas ofrecidos en el CIMT[\/mk_fancy_title][vc_separator color=\u00bbblack\u00bb align=\u00bbalign_left\u00bb border_width=\u00bb4&#8243; el_width=\u00bb20&#8243; el_class=\u00bbsep-height\u00bb][mk_fancy_title tag_name=\u00bbspan\u00bb color=\u00bb#ffffff\u00bb size=\u00bb15&#8243; margin_bottom=\u00bb0&#8243; font_family=\u00bbnone\u00bb el_class=\u00bbbloc-text-page bold-height\u00bb]El CIMT desea ofrecer un proyecto educativo que responda a las aspiraciones y expectativas de padres y alumnos. De este modo, el proyecto educativo institucional estar\u00e1 influenciado por las tendencias que estos privilegian en<br \/>\nla elecci\u00f3n de una escuela:[\/mk_fancy_title][vc_row_inner][vc_column_inner width=\u00bb1\/2&#8243;][mk_fancy_title tag_name=\u00bbspan\u00bb color=\u00bb#ffffff\u00bb size=\u00bb15&#8243; margin_bottom=\u00bb0&#8243; font_family=\u00bbnone\u00bb el_class=\u00bbbloc-text-page bold-height\u00bb]\n<ul>\n<li>Un entorno seguro.<\/li>\n<li>Una buena disciplina.<\/li>\n<li>La vigilancia y el acompa\u00f1amiento.<\/li>\n<li>El control del rendimiento escolar.<\/li>\n<li>Grandes exigencias acad\u00e9micas.<\/li>\n<li>Una buena atm\u00f3sfera de estudio.<\/li>\n<li>El acceso a los estudios superiores<\/li>\n<\/ul>\n[\/mk_fancy_title][\/vc_column_inner][vc_column_inner width=\u00bb1\/2&#8243;][mk_fancy_title tag_name=\u00bbspan\u00bb color=\u00bb#ffffff\u00bb size=\u00bb15&#8243; margin_bottom=\u00bb0&#8243; font_family=\u00bbnone\u00bb el_class=\u00bbbloc-text-page bold-height\u00bb]\n<ul>\n<li>La disponibilidad, motivaci\u00f3n y dedicaci\u00f3n del personal.<\/li>\n<li>Valores compatibles con los suyos.<\/li>\n<li>Apoyo para el aprendizaje.<\/li>\n<li>Seguimiento individualizado.<\/li>\n<li>Las relaciones entre la escuela y los padres.<\/li>\n<li>Un espacio de calidad.<\/li>\n<li>Actividades extracurriculares educativas y estimulantes.<\/li>\n<\/ul>\n[\/mk_fancy_title][\/vc_column_inner][\/vc_row_inner][mk_fancy_title tag_name=\u00bbspan\u00bb color=\u00bb#ffffff\u00bb size=\u00bb15&#8243; margin_bottom=\u00bb0&#8243; font_family=\u00bbnone\u00bb el_class=\u00bbbloc-text-page bold-height\u00bb]El CIMT podr\u00e1 ofrecer un programa Cambridge (IGCSE) a los alumnos que lo deseen, ofreciendo excelentes oportunidades de distinguirse a trav\u00e9s del acceso a los estudios superiores a nivel internacional.<\/p>\n<p><strong>El colegio ofrecer\u00e1 a sus alumnos dos opciones a elecci\u00f3n:<br \/>\nopci\u00f3n deportiva y opci\u00f3n internacional.<\/strong>[\/mk_fancy_title][\/vc_column][\/mk_page_section][mk_page_section layout_structure=\u00bbhalf_right\u00bb bg_image=\u00bbhttps:\/\/collegeinternationalmont-tremblant.com\/wp-content\/uploads\/2017\/09\/bg-sport.jpg\u00bb bg_color=\u00bb#ffffff\u00bb bg_stretch=\u00bbtrue\u00bb video_loop=\u00bbfalse\u00bb full_width=\u00bbtrue\u00bb js_vertical_centered=\u00bbtrue\u00bb padding_top=\u00bb80&#8243; padding_bottom=\u00bb80&#8243;][vc_column][mk_fancy_title color=\u00bb#000000&#8243; size=\u00bb32&#8243; txt_transform=\u00bbuppercase\u00bb margin_bottom=\u00bb0&#8243; font_family=\u00bbnone\u00bb el_class=\u00bbfont-pmedium no-margin\u00bb]Opci\u00f3n educativa[\/mk_fancy_title][mk_fancy_title color=\u00bb#368949&#8243; size=\u00bb38&#8243; txt_transform=\u00bbuppercase\u00bb margin_top=\u00bb10&#8243; font_family=\u00bbnone\u00bb el_class=\u00bbfont-pbold no-margin\u00bb]Centrada en deportes[\/mk_fancy_title][vc_separator color=\u00bbblack\u00bb align=\u00bbalign_left\u00bb border_width=\u00bb4&#8243; el_width=\u00bb20&#8243; el_class=\u00bbsep-height\u00bb][mk_fancy_title tag_name=\u00bbspan\u00bb color=\u00bb#000000&#8243; size=\u00bb15&#8243; margin_bottom=\u00bb0&#8243; font_family=\u00bbnone\u00bb el_class=\u00bbbloc-text-page\u00bb]Gracias a esta gran combinaci\u00f3n de un programa acad\u00e9mico riguroso y de pr\u00e1cticas deportivas, el CIMT pretende establecer una opci\u00f3n centrada en los deportes, utilizando las infraestructuras excepcionales y las habilidades deportivas existentes en Mont-Tremblant, y privilegiando las disciplinas de esqu\u00ed de fondo, esqu\u00ed alpino, ciclismo de carretera y de monta\u00f1a, triatl\u00f3n, golf, tenis y remo.<\/p>\n<p>Los j\u00f3venes de hoy que aspiran a un desarrollo deportivo de alto nivel deben estar dotados de un sentido de la gesti\u00f3n y de la organizaci\u00f3n, capaces de tomar posici\u00f3n en p\u00fablico para responder preguntas o defender una causa. Para ello, deben recibir una capacitaci\u00f3n a nivel f\u00edsico, psicol\u00f3gico, t\u00e1ctico y t\u00e9cnico para obtener buenos resultados.<\/p>\n<p>Especialmente, necesitan una educaci\u00f3n de primer nivel que les permitir\u00e1 relativizar cada uno de sus resultados e integrarse en la sociedad sin dificultades.<\/p>\n<p>El programa ofrecido, que asocia desarrollo acad\u00e9mico y deportivo, se basa en los valores que permiten transmitir un saber, una experiencia y un \u00absaber ser\u00bb que no puede prescindir de la cultura y de las reglas de la vida.<\/p>\n<p>M\u00e1s all\u00e1 de un programa acad\u00e9mico de alto nivel, proponemos un m\u00e9todo de acompa\u00f1amiento de los j\u00f3venes atletas acorde a su ritmo, su edad, su capacidad y sus objetivos. Nuestra funci\u00f3n es ayudar al joven aport\u00e1ndole los medios para encontrar soluciones por s\u00ed mismo, en el marco de reglas claras y precisas, que le permitir\u00e1n saber siempre d\u00f3nde se encuentra y a qu\u00e9 resultados puede aspirar.<\/p>\n<p>Es evidente que las mejores herramientas pedag\u00f3gicas o los mejores materiales ayudar\u00e1n a los atletas en su progreso: partimos del principio seg\u00fan el cual solo una cabeza bien preparada en un cuerpo bien entrenado puede lograr una carrera deportiva dentro de la sociedad.<\/p>\n<p>La opci\u00f3n educativa establecida para las diferentes disciplinas deportivas utilizar\u00e1 el perfil de coordinaci\u00f3n motora, las reglas de f\u00edsica elementales, el an\u00e1lisis de videos, la kinesiolog\u00eda, los perfiles de visi\u00f3n, la osteopat\u00eda y las t\u00e9cnicas de motivaci\u00f3n.<\/p>\n<p>El a\u00f1o se dividir\u00e1 en varios periodos. Los torneos o las competiciones ser\u00e1n a la vez objetivos y recompensas.[\/mk_fancy_title][\/vc_column][\/mk_page_section][mk_page_section layout_structure=\u00bbhalf_left\u00bb bg_image=\u00bbhttps:\/\/collegeinternationalmont-tremblant.com\/wp-content\/uploads\/2017\/09\/bg-programme-international.jpg\u00bb bg_color=\u00bb#368945&#8243; bg_stretch=\u00bbtrue\u00bb video_loop=\u00bbfalse\u00bb full_width=\u00bbtrue\u00bb js_vertical_centered=\u00bbtrue\u00bb padding_top=\u00bb80&#8243; padding_bottom=\u00bb80&#8243;][vc_column][mk_fancy_title color=\u00bb#ffffff\u00bb size=\u00bb32&#8243; txt_transform=\u00bbuppercase\u00bb margin_bottom=\u00bb0&#8243; font_family=\u00bbnone\u00bb el_class=\u00bbfont-pmedium no-margin\u00bb]Opci\u00f3n internacional[\/mk_fancy_title][mk_fancy_title color=\u00bb#000000&#8243; size=\u00bb38&#8243; txt_transform=\u00bbuppercase\u00bb margin_top=\u00bb10&#8243; font_family=\u00bbnone\u00bb el_class=\u00bbfont-pbold no-margin\u00bb]Centrada en los idiomas y la cultura[\/mk_fancy_title][vc_separator color=\u00bbblack\u00bb align=\u00bbalign_left\u00bb border_width=\u00bb4&#8243; el_width=\u00bb20&#8243; el_class=\u00bbsep-height\u00bb][mk_fancy_title tag_name=\u00bbspan\u00bb color=\u00bb#ffffff\u00bb size=\u00bb15&#8243; margin_bottom=\u00bb0&#8243; font_family=\u00bbnone\u00bb el_class=\u00bbbloc-text-page bold-height\u00bb]La opci\u00f3n internacional abarcar\u00e1 las siguientes actividades:<\/p>\n<ul>\n<li>Enriquecimiento del franc\u00e9s y del ingl\u00e9s como segunda lengua seg\u00fan los alumnos.<\/li>\n<li>Aprendizaje de un tercer idioma.<\/li>\n<li>Apertura sobre las diferentes culturas de los pueblos, la historia, la geograf\u00eda y la literatura.<\/li>\n<li>Actividades de intercambios culturales, viajes, comunicaciones y foros virtuales.<\/li>\n<\/ul>\n<p>Tiene los siguientes objetivos:<\/p>\n<ul>\n<li>Formar ciudadanos del mundo en materia de cultura, de idiomas y de aprendizaje para la vida en comunidad.<\/li>\n<li>Construir y reforzar el sentimiento de identidad cultural y la concientizaci\u00f3n de los alumnos.<\/li>\n<li>Reconocer y desarrollar valores humanos universales.<\/li>\n<li>Estimular la curiosidad y la investigaci\u00f3n para favorecer un esp\u00edritu de exploraci\u00f3n y de placer de aprender.<\/li>\n<li>Dotar a los alumnos de las competencias necesarias para aprender y adquirir conocimientos, individualmente o en colaboraci\u00f3n; aplicar estos conocimientos y competencias en un amplio abanico de especialidades.<\/li>\n<li>Ofrecer un contenido internacional respondiendo a las necesidades y a los intereses locales.<\/li>\n<li>Fomentar la diversidad y la flexibilidad en los m\u00e9todos de ense\u00f1anza.<\/li>\n<li>Proporcionar formas apropiadas de evaluaci\u00f3n y de evaluaci\u00f3n comparativa internacional.<\/li>\n<\/ul>\n<p>El alumno inscrito en esta opci\u00f3n educativa obtendr\u00e1, adem\u00e1s de un diploma de estudios secundarios (DES), la certificaci\u00f3n del Programa Cambridge (IGCSE).[\/mk_fancy_title][\/vc_column][\/mk_page_section]\n<\/div>","protected":false},"excerpt":{"rendered":"<p>[mk_page_section layout_structure=\u00bbhalf_left\u00bb bg_image=\u00bbhttps:\/\/collegeinternationalmont-tremblant.com\/wp-content\/uploads\/2017\/09\/bg-bloc-default.jpg\u00bb bg_color=\u00bb#368945&#8243; bg_stretch=\u00bbtrue\u00bb video_loop=\u00bbfalse\u00bb full_width=\u00bbtrue\u00bb js_vertical_centered=\u00bbtrue\u00bb padding_top=\u00bb80&#8243; padding_bottom=\u00bb80&#8243;][vc_column][mk_fancy_title color=\u00bb#ffffff\u00bb size=\u00bb32&#8243; txt_transform=\u00bbuppercase\u00bb margin_bottom=\u00bb0&#8243; font_family=\u00bbnone\u00bb el_class=\u00bbfont-pbold no-margin\u00bb]Programas ofrecidos en el CIMT[\/mk_fancy_title][vc_separator color=\u00bbblack\u00bb align=\u00bbalign_left\u00bb border_width=\u00bb4&#8243; el_width=\u00bb20&#8243; el_class=\u00bbsep-height\u00bb][mk_fancy_title tag_name=\u00bbspan\u00bb color=\u00bb#ffffff\u00bb size=\u00bb15&#8243; margin_bottom=\u00bb0&#8243; font_family=\u00bbnone\u00bb el_class=\u00bbbloc-text-page bold-height\u00bb]El CIMT desea ofrecer un proyecto educativo que responda a las aspiraciones y expectativas de padres y alumnos. De este modo, el proyecto [&hellip;]<\/p>\n","protected":false},"author":2,"featured_media":0,"parent":0,"menu_order":0,"comment_status":"closed","ping_status":"closed","template":"","meta":{"footnotes":""},"_links":{"self":[{"href":"https:\/\/collegeinternationalmont-tremblant.com\/es\/wp-json\/wp\/v2\/pages\/305"}],"collection":[{"href":"https:\/\/collegeinternationalmont-tremblant.com\/es\/wp-json\/wp\/v2\/pages"}],"about":[{"href":"https:\/\/collegeinternationalmont-tremblant.com\/es\/wp-json\/wp\/v2\/types\/page"}],"author":[{"embeddable":true,"href":"https:\/\/collegeinternationalmont-tremblant.com\/es\/wp-json\/wp\/v2\/users\/2"}],"replies":[{"embeddable":true,"href":"https:\/\/collegeinternationalmont-tremblant.com\/es\/wp-json\/wp\/v2\/comments?post=305"}],"version-history":[{"count":2,"href":"https:\/\/collegeinternationalmont-tremblant.com\/es\/wp-json\/wp\/v2\/pages\/305\/revisions"}],"predecessor-version":[{"id":307,"href":"https:\/\/collegeinternationalmont-tremblant.com\/es\/wp-json\/wp\/v2\/pages\/305\/revisions\/307"}],"wp:attachment":[{"href":"https:\/\/collegeinternationalmont-tremblant.com\/es\/wp-json\/wp\/v2\/media?parent=305"}],"curies":[{"name":"wp","href":"https:\/\/api.w.org\/{rel}","templated":true}]}}