{"id":290,"date":"2017-09-08T15:07:57","date_gmt":"2017-09-08T19:07:57","guid":{"rendered":"https:\/\/collegeinternationalmont-tremblant.com\/the-college\/"},"modified":"2017-09-21T12:52:51","modified_gmt":"2017-09-21T16:52:51","slug":"el-colegio","status":"publish","type":"page","link":"https:\/\/collegeinternationalmont-tremblant.com\/es\/el-colegio\/","title":{"rendered":"El Colegio"},"content":{"rendered":"[mk_page_section layout_structure=\u00bbhalf_left\u00bb bg_image=\u00bbhttps:\/\/collegeinternationalmont-tremblant.com\/wp-content\/uploads\/2017\/09\/bg-bloc-default.jpg\u00bb bg_color=\u00bb#368945&#8243; bg_stretch=\u00bbtrue\u00bb video_loop=\u00bbfalse\u00bb full_width=\u00bbtrue\u00bb js_vertical_centered=\u00bbtrue\u00bb padding_top=\u00bb80&#8243; padding_bottom=\u00bb80&#8243;][vc_column][mk_fancy_title color=\u00bb#ffffff\u00bb size=\u00bb32&#8243; txt_transform=\u00bbuppercase\u00bb margin_bottom=\u00bb0&#8243; font_family=\u00bbnone\u00bb el_class=\u00bbfont-pbold no-margin\u00bb]LA MISI\u00d3N DEL CIMT[\/mk_fancy_title][vc_separator color=\u00bbblack\u00bb align=\u00bbalign_left\u00bb border_width=\u00bb4&#8243; el_width=\u00bb20&#8243; el_class=\u00bbsep-height\u00bb][mk_fancy_title tag_name=\u00bbspan\u00bb color=\u00bb#ffffff\u00bb size=\u00bb15&#8243; margin_bottom=\u00bb0&#8243; font_family=\u00bbnone\u00bb el_class=\u00bbbloc-text-page bold-height\u00bb]Ante la actual apertura de las sociedades del mundo, el desaf\u00edo mundial de la calidad de vida y la salud, la evoluci\u00f3n de las tecnolog\u00edas y la desintegraci\u00f3n de las fronteras, el CIMT pretende ofrecer al alumno lo siguiente:<\/p>\n<ul>\n<li>Programas de estudio basados en una ense\u00f1anza de calidad que le permita alcanzar sus objetivos personales, superar sus l\u00edmites intelectuales y asegurarse una s\u00f3lida preparaci\u00f3n para los estudios superiores.<\/li>\n<li>Un marco pedag\u00f3gico y educativo que favorezca su realizaci\u00f3n personal, su formaci\u00f3n integral y su inserci\u00f3n en la comunidad.<\/li>\n<li>Condiciones de vida en armon\u00eda con la naturaleza y que favorezcan su bienestar f\u00edsico, moral y espiritual.<\/li>\n<\/ul>\n<p>El Colegio Letendre, de incuestionable reputaci\u00f3n desde hace m\u00e1s de 40 a\u00f1os, estar\u00e1 a cargo de la direcci\u00f3n del CIMT. La ense\u00f1anza de nivel secundario, fundada en valores universales centrados en el ser humano y la apertura al mundo, se impartir\u00e1 tanto en franc\u00e9s como en ingl\u00e9s.<\/p>\n<p>El CIMT ha sido convocado a completar la red de ense\u00f1anza privada dirigida por el Colegio Letendre, que comprende tambi\u00e9n al Colegio Laurentien, al Colegio Citoyen \u00e0 Laval y al Colegio Boisbriand, en la regi\u00f3n de las bajas Laurentides.<\/p>\n<p>Ubicado en medio de la naturaleza, el CIMT privilegia as\u00ed cuatro ejes importantes:<br \/>\n<strong>El liderazgo empresarial:<\/strong> una opci\u00f3n de formaci\u00f3n durante los cinco a\u00f1os de secundaria que propone un enfoque din\u00e1mico de aprendizaje con fines empresariales.<br \/>\n<strong>La calidad de vida y la salud:<\/strong> buena alimentaci\u00f3n, h\u00e1bitos sanos, actividades f\u00edsicas regulares, manejo del estr\u00e9s, etc.<br \/>\n<strong>El respeto del medioambiente:<\/strong> la protecci\u00f3n de la naturaleza, de los animales, de la flora y del agua calculando el impacto de nuestras relaciones con los seres vivos.<br \/>\n<strong>La ciudadan\u00eda:<\/strong> la conciencia de que todos los seres humanos son iguales, la apertura hacia los otros, la comprensi\u00f3n y el respeto mutuo.[\/mk_fancy_title][\/vc_column][\/mk_page_section][mk_page_section layout_structure=\u00bbhalf_right\u00bb bg_image=\u00bbhttps:\/\/collegeinternationalmont-tremblant.com\/wp-content\/uploads\/2017\/09\/bg-programme-international.jpg\u00bb bg_color=\u00bb#ffffff\u00bb bg_stretch=\u00bbtrue\u00bb video_loop=\u00bbfalse\u00bb full_width=\u00bbtrue\u00bb js_vertical_centered=\u00bbtrue\u00bb padding_top=\u00bb80&#8243; padding_bottom=\u00bb80&#8243;][vc_column][mk_fancy_title color=\u00bb#000000&#8243; size=\u00bb32&#8243; txt_transform=\u00bbuppercase\u00bb margin_bottom=\u00bb0&#8243; font_family=\u00bbnone\u00bb el_class=\u00bbfont-pbold no-margin\u00bb]PRINCIPALES OBJETIVOS DEL CIMT[\/mk_fancy_title][vc_separator color=\u00bbblack\u00bb align=\u00bbalign_left\u00bb border_width=\u00bb4&#8243; el_width=\u00bb20&#8243; el_class=\u00bbsep-height\u00bb][mk_fancy_title tag_name=\u00bbspan\u00bb color=\u00bb#000000&#8243; size=\u00bb15&#8243; margin_bottom=\u00bb0&#8243; font_family=\u00bbnone\u00bb el_class=\u00bbbloc-text-page\u00bb]Los principales objetivos del CIMT son los siguientes:<\/p>\n<ul>\n<li>Ofrecer una formaci\u00f3n de alto nivel, reconocida por el Ministerio de Educaci\u00f3n de Quebec y las principales instituciones terciarias o de estudios superiores en todo el mundo.<\/li>\n<li>Promover la pr\u00e1ctica de deportes dentro de un programa acad\u00e9mico de primer nivel.<\/li>\n<li>Dotar a los alumnos del bagaje intelectual y de las habilidades necesarias para contribuir con el desarrollo armonioso de sus comunidades respetando el medioambiente.<\/li>\n<li>Ofrecer a la comunidad regional el aporte humano, cultural y econ\u00f3mico del CIMT.<\/li>\n<\/ul>\n[\/mk_fancy_title][\/vc_column][\/mk_page_section][mk_page_section layout_structure=\u00bbhalf_left\u00bb bg_image=\u00bbhttps:\/\/collegeinternationalmont-tremblant.com\/wp-content\/uploads\/2017\/09\/bg-tremblant.jpg\u00bb bg_color=\u00bb#368945&#8243; bg_stretch=\u00bbtrue\u00bb video_loop=\u00bbfalse\u00bb full_width=\u00bbtrue\u00bb js_vertical_centered=\u00bbtrue\u00bb padding_top=\u00bb80&#8243; padding_bottom=\u00bb80&#8243;][vc_column][mk_fancy_title color=\u00bb#ffffff\u00bb size=\u00bb32&#8243; txt_transform=\u00bbuppercase\u00bb margin_bottom=\u00bb0&#8243; font_family=\u00bbnone\u00bb el_class=\u00bbfont-pbold no-margin\u00bb]CLIENTELA Y MARCO[\/mk_fancy_title][vc_separator color=\u00bbblack\u00bb align=\u00bbalign_left\u00bb border_width=\u00bb4&#8243; el_width=\u00bb20&#8243; el_class=\u00bbsep-height\u00bb][mk_fancy_title tag_name=\u00bbspan\u00bb color=\u00bb#ffffff\u00bb size=\u00bb15&#8243; margin_bottom=\u00bb0&#8243; font_family=\u00bbnone\u00bb el_class=\u00bbbloc-text-page bold-height\u00bb]Nuestros grupos se componen de alumnos (internacionales y locales) motivados, capaces de tener \u00e9xito en sus estudios y dispuestos a invertir en su futuro. En ning\u00fan caso nuestras clases superan los 20 alumnos por grupo.<\/p>\n<p>El n\u00famero restringido de alumnos en el Colegio nos permite preconizar un enfoque flexible y personalizado, y se ofrece una atenci\u00f3n particular a su integraci\u00f3n a la comunidad local.<\/p>\n<p><strong>LA ESCUELA EN LA VIDA COTIDIANA<\/strong><br \/>\nEl horario de los alumnos se basa en 18 d\u00edas\/ciclo y asisten a 4 periodos de cursos (75 minutos) por d\u00eda, de 8.10 h a 14.35 h; el periodo de almuerzo es de 12.15 h a 13.20 h para todos los niveles.<\/p>\n<p><strong>LA RESIDENCIA ESCOLAR<\/strong><br \/>\nLos alumnos residen en el lugar los 7 d\u00edas de la semana durante el transcurso del a\u00f1o acad\u00e9mico, a excepci\u00f3n de los dos periodos de descanso de dos semanas consecutivas (periodo de fiestas y receso invernal). Asimismo, existe un programa planificado de actividades variadas que abarca un periodo de estudios supervisados, as\u00ed como actividades sociales, deportivas y culturales, fuera de las horas de clase.<br \/>\nTambi\u00e9n se programan salidas deportivas y culturales durante el a\u00f1o, por ejemplo:<\/p>\n<ul>\n<li>Carnaval de Quebec y Hotel de hielo.<\/li>\n<li>Descubrimiento de Montreal, Ottawa, Toronto.<\/li>\n<li>Descenso por el r\u00edo en primavera (rafting).<\/li>\n<li>Caba\u00f1a de az\u00facar.<\/li>\n<\/ul>\n<p><strong>TARIFA E INCORPORACIONES<\/strong><br \/>\nGastos de escolaridad CAN$ 62 000 por a\u00f1o escolar.<\/p>\n<p>Incluye lo siguiente:<\/p>\n<ul>\n<li>Programa acad\u00e9mico.<\/li>\n<li>Residencia escolar (7 d\u00edas por semana).<\/li>\n<li>Comidas.<\/li>\n<li>Actividades de vida escolar y extracurriculares.<\/li>\n<li>Tutor\u00eda de franc\u00e9s o ingl\u00e9s (40 horas).<\/li>\n<li>Alquiler de material deportivo (esqu\u00edes, botas, tablas de nieve).<\/li>\n<li>Salidas culturales y deportivas (4).<\/li>\n<li>Uniformes y lavander\u00eda.<\/li>\n<li>Libros y materiales escolares.<\/li>\n<li>Transportes (salidas y aeropuertos), casillero, candados.<\/li>\n<\/ul>\n[\/mk_fancy_title][\/vc_column][\/mk_page_section]\n","protected":false},"excerpt":{"rendered":"<p>[mk_page_section layout_structure=\u00bbhalf_left\u00bb bg_image=\u00bbhttps:\/\/collegeinternationalmont-tremblant.com\/wp-content\/uploads\/2017\/09\/bg-bloc-default.jpg\u00bb bg_color=\u00bb#368945&#8243; bg_stretch=\u00bbtrue\u00bb video_loop=\u00bbfalse\u00bb full_width=\u00bbtrue\u00bb js_vertical_centered=\u00bbtrue\u00bb padding_top=\u00bb80&#8243; padding_bottom=\u00bb80&#8243;][vc_column][mk_fancy_title color=\u00bb#ffffff\u00bb size=\u00bb32&#8243; txt_transform=\u00bbuppercase\u00bb margin_bottom=\u00bb0&#8243; font_family=\u00bbnone\u00bb el_class=\u00bbfont-pbold no-margin\u00bb]LA MISI\u00d3N DEL CIMT[\/mk_fancy_title][vc_separator color=\u00bbblack\u00bb align=\u00bbalign_left\u00bb border_width=\u00bb4&#8243; el_width=\u00bb20&#8243; el_class=\u00bbsep-height\u00bb][mk_fancy_title tag_name=\u00bbspan\u00bb color=\u00bb#ffffff\u00bb size=\u00bb15&#8243; margin_bottom=\u00bb0&#8243; font_family=\u00bbnone\u00bb el_class=\u00bbbloc-text-page bold-height\u00bb]Ante la actual apertura de las sociedades del mundo, el desaf\u00edo mundial de la calidad de vida y la salud, la evoluci\u00f3n de las [&hellip;]<\/p>\n","protected":false},"author":2,"featured_media":0,"parent":0,"menu_order":0,"comment_status":"closed","ping_status":"closed","template":"","meta":{"footnotes":""},"_links":{"self":[{"href":"https:\/\/collegeinternationalmont-tremblant.com\/es\/wp-json\/wp\/v2\/pages\/290"}],"collection":[{"href":"https:\/\/collegeinternationalmont-tremblant.com\/es\/wp-json\/wp\/v2\/pages"}],"about":[{"href":"https:\/\/collegeinternationalmont-tremblant.com\/es\/wp-json\/wp\/v2\/types\/page"}],"author":[{"embeddable":true,"href":"https:\/\/collegeinternationalmont-tremblant.com\/es\/wp-json\/wp\/v2\/users\/2"}],"replies":[{"embeddable":true,"href":"https:\/\/collegeinternationalmont-tremblant.com\/es\/wp-json\/wp\/v2\/comments?post=290"}],"version-history":[{"count":2,"href":"https:\/\/collegeinternationalmont-tremblant.com\/es\/wp-json\/wp\/v2\/pages\/290\/revisions"}],"predecessor-version":[{"id":292,"href":"https:\/\/collegeinternationalmont-tremblant.com\/es\/wp-json\/wp\/v2\/pages\/290\/revisions\/292"}],"wp:attachment":[{"href":"https:\/\/collegeinternationalmont-tremblant.com\/es\/wp-json\/wp\/v2\/media?parent=290"}],"curies":[{"name":"wp","href":"https:\/\/api.w.org\/{rel}","templated":true}]}}