{"id":222,"date":"2017-09-08T15:07:57","date_gmt":"2017-09-08T19:07:57","guid":{"rendered":"https:\/\/collegeinternationalmont-tremblant.com\/le-college\/"},"modified":"2017-09-21T11:27:39","modified_gmt":"2017-09-21T15:27:39","slug":"the-college","status":"publish","type":"page","link":"https:\/\/collegeinternationalmont-tremblant.com\/en\/the-college\/","title":{"rendered":"The College"},"content":{"rendered":"[mk_page_section layout_structure=&#8221;half_left&#8221; bg_image=&#8221;https:\/\/collegeinternationalmont-tremblant.com\/wp-content\/uploads\/2017\/09\/bg-bloc-default.jpg&#8221; bg_color=&#8221;#368945&#8243; bg_stretch=&#8221;true&#8221; video_loop=&#8221;false&#8221; full_width=&#8221;true&#8221; js_vertical_centered=&#8221;true&#8221; padding_top=&#8221;80&#8243; padding_bottom=&#8221;80&#8243;][vc_column][mk_fancy_title color=&#8221;#ffffff&#8221; size=&#8221;32&#8243; txt_transform=&#8221;uppercase&#8221; margin_bottom=&#8221;0&#8243; font_family=&#8221;none&#8221; el_class=&#8221;font-pbold no-margin&#8221;]CIMT\u2019S MISSION[\/mk_fancy_title][vc_separator color=&#8221;black&#8221; align=&#8221;align_left&#8221; border_width=&#8221;4&#8243; el_width=&#8221;20&#8243; el_class=&#8221;sep-height&#8221;][mk_fancy_title tag_name=&#8221;span&#8221; color=&#8221;#ffffff&#8221; size=&#8221;15&#8243; margin_bottom=&#8221;0&#8243; font_family=&#8221;none&#8221; el_class=&#8221;bloc-text-page bold-height&#8221;]In today\u2019s international context of societies opening up to the world, the global challenges of improving health and quality of life, rapid technological change and the breaking down of borders, CIMT aims to offer students:<\/p>\n<ul>\n<li>Study programs based on quality education, enabling students to achieve their personal goals, continue their intellectual growth and ensure solid preparation for higher education<\/li>\n<li>Pedagogical and educational support that fosters personal growth, a well-rounded education and integration into the community<\/li>\n<li>A living environment in harmony with nature that favours physical, moral and spiritual well-being<\/li>\n<\/ul>\n<p>CIMT will be operated by Coll\u00e8ge Letendre, an institution whose reputation has been well established for over 40 years. A secondary-level education, founded on universal values of humanity and openness to the world, will be provided in both French and English.<\/p>\n<p>CIMT will thus become part of the private teaching network led by Coll\u00e8ge Letendre, which also includes Coll\u00e8ge Laurentien, Coll\u00e8ge Citoyen in Laval and Coll\u00e8ge Boisbriand in the Lower Laurentians.<\/p>\n<p>Located in the heart of nature, the College will focus on four key areas:<br \/>\n<strong>Entrepreneurial leadership:<\/strong> a five-year high school course that offers a dynamic approach to entrepreneurial learning<br \/>\n<strong>Quality of life and health:<\/strong> good nutrition, healthy lifestyles, regular physical activity, stress management, etc.<br \/>\n<strong>Respect for the environment:<\/strong> protection of nature, fauna, flora and water through awareness of the impact of our presence on living things<br \/>\n<strong>Citizenship:<\/strong> awareness that all human beings are equal; openness to others; understanding and mutual respect.[\/mk_fancy_title][\/vc_column][\/mk_page_section][mk_page_section layout_structure=&#8221;half_right&#8221; bg_image=&#8221;https:\/\/collegeinternationalmont-tremblant.com\/wp-content\/uploads\/2017\/09\/bg-programme-international.jpg&#8221; bg_color=&#8221;#ffffff&#8221; bg_stretch=&#8221;true&#8221; video_loop=&#8221;false&#8221; full_width=&#8221;true&#8221; js_vertical_centered=&#8221;true&#8221; padding_top=&#8221;80&#8243; padding_bottom=&#8221;80&#8243;][vc_column][mk_fancy_title color=&#8221;#000000&#8243; size=&#8221;32&#8243; txt_transform=&#8221;uppercase&#8221; margin_bottom=&#8221;0&#8243; font_family=&#8221;none&#8221; el_class=&#8221;font-pbold no-margin&#8221;]CIMT\u2019S MAIN GOALS[\/mk_fancy_title][vc_separator color=&#8221;black&#8221; align=&#8221;align_left&#8221; border_width=&#8221;4&#8243; el_width=&#8221;20&#8243; el_class=&#8221;sep-height&#8221;][mk_fancy_title tag_name=&#8221;span&#8221; color=&#8221;#000000&#8243; size=&#8221;15&#8243; margin_bottom=&#8221;0&#8243; font_family=&#8221;none&#8221; el_class=&#8221;bloc-text-page&#8221;]CIMT\u2019s main goals are to:<\/p>\n<ul>\n<li>Provide high-quality training recognized by the Quebec Ministry of Education and major post-secondary institutions around the world<\/li>\n<li>Promote the practice of sports within a high-calibre academic program<\/li>\n<li>Equip students with the intellectual foundation and skills necessary to contribute to the harmonious development of their community while respecting the environment<\/li>\n<li>Share the College\u2019s human, cultural and economic capital with the regional community<\/li>\n<\/ul>\n[\/mk_fancy_title][\/vc_column][\/mk_page_section][mk_page_section layout_structure=&#8221;half_left&#8221; bg_image=&#8221;https:\/\/collegeinternationalmont-tremblant.com\/wp-content\/uploads\/2017\/09\/bg-tremblant.jpg&#8221; bg_color=&#8221;#368945&#8243; bg_stretch=&#8221;true&#8221; video_loop=&#8221;false&#8221; full_width=&#8221;true&#8221; js_vertical_centered=&#8221;true&#8221; padding_top=&#8221;80&#8243; padding_bottom=&#8221;80&#8243;][vc_column][mk_fancy_title color=&#8221;#ffffff&#8221; size=&#8221;32&#8243; txt_transform=&#8221;uppercase&#8221; margin_bottom=&#8221;0&#8243; font_family=&#8221;none&#8221; el_class=&#8221;font-pbold no-margin&#8221;]SCHOOL LIFE[\/mk_fancy_title][vc_separator color=&#8221;black&#8221; align=&#8221;align_left&#8221; border_width=&#8221;4&#8243; el_width=&#8221;20&#8243; el_class=&#8221;sep-height&#8221;][mk_fancy_title tag_name=&#8221;span&#8221; color=&#8221;#ffffff&#8221; size=&#8221;15&#8243; margin_bottom=&#8221;0&#8243; font_family=&#8221;none&#8221; el_class=&#8221;bloc-text-page bold-height&#8221;]Our classes will be made up of motivated students (international and local), who are capable of succeeding in their studies and willing to invest in their future. Under no circumstances will classes exceed 20 students.<\/p>\n<p>The limited number of students at the College allows us to promote a flexible and personalized approach. Special attention is given to integrating students into the local community.<\/p>\n<p><strong>DAILY SCHOOL SCHEDULE<\/strong><br \/>\nThe students\u2019 schedules are based on an 18-day cycle. They will attend 4 classes (75 minutes) per day, between 8:10 a.m. and 2:35 p.m. The lunch period is from 12:15 to 3:20 p.m. for all grades.<\/p>\n<p><strong>SCHOOL RESIDENCE<\/strong><br \/>\nThe students will live on campus 7 days a week for the duration of the academic year, with the exception of two breaks of two consecutive vacation weeks (Christmas &amp; Winter break). A varied program of activities, including a period of supervised study, as well as social, sports and cultural activities, is also planned outside class hours.<br \/>\nPorts and cultural excursions are scheduled during the year, such as:<\/p>\n<ul>\n<li>A Quebec City Carnival &amp; Ice Hotel excursion<\/li>\n<li>Trips to Montreal, Ottawa and Toronto<\/li>\n<li>Rafting in Spring<\/li>\n<li>Trip to the sugar shack<\/li>\n<\/ul>\n<p><strong>FEE S &amp; INCLUSIONS<\/strong><br \/>\nTuition fees $62,000 (Canadian dollars) per school year<\/p>\n<p>Fees include:<\/p>\n<ul>\n<li>The academic program<\/li>\n<li>Residence on campus (7 days\/week)<\/li>\n<li>Meals<\/li>\n<li>School and extracurricular activities<\/li>\n<li>Tutoring in French or English (40 hrs.)<\/li>\n<li>Rental of sports equipment (skis, boots, board)<\/li>\n<li>Cultural and sports events (4)<\/li>\n<li>Uniforms &amp; laundry<\/li>\n<li>Books and school supplies<\/li>\n<li>Transport (excursions and to and from airports), locker, padlock<\/li>\n<\/ul>\n[\/mk_fancy_title][\/vc_column][\/mk_page_section]\n","protected":false},"excerpt":{"rendered":"<p>[mk_page_section layout_structure=&#8221;half_left&#8221; bg_image=&#8221;https:\/\/collegeinternationalmont-tremblant.com\/wp-content\/uploads\/2017\/09\/bg-bloc-default.jpg&#8221; bg_color=&#8221;#368945&#8243; bg_stretch=&#8221;true&#8221; video_loop=&#8221;false&#8221; full_width=&#8221;true&#8221; js_vertical_centered=&#8221;true&#8221; padding_top=&#8221;80&#8243; padding_bottom=&#8221;80&#8243;][vc_column][mk_fancy_title color=&#8221;#ffffff&#8221; size=&#8221;32&#8243; txt_transform=&#8221;uppercase&#8221; margin_bottom=&#8221;0&#8243; font_family=&#8221;none&#8221; el_class=&#8221;font-pbold no-margin&#8221;]CIMT\u2019S MISSION[\/mk_fancy_title][vc_separator color=&#8221;black&#8221; align=&#8221;align_left&#8221; border_width=&#8221;4&#8243; el_width=&#8221;20&#8243; el_class=&#8221;sep-height&#8221;][mk_fancy_title tag_name=&#8221;span&#8221; color=&#8221;#ffffff&#8221; size=&#8221;15&#8243; margin_bottom=&#8221;0&#8243; font_family=&#8221;none&#8221; el_class=&#8221;bloc-text-page bold-height&#8221;]In today\u2019s international context of societies opening up to the world, the global challenges of improving health and quality of life, rapid technological change and the [&hellip;]<\/p>\n","protected":false},"author":2,"featured_media":0,"parent":0,"menu_order":0,"comment_status":"closed","ping_status":"closed","template":"","meta":{"footnotes":""},"_links":{"self":[{"href":"https:\/\/collegeinternationalmont-tremblant.com\/en\/wp-json\/wp\/v2\/pages\/222"}],"collection":[{"href":"https:\/\/collegeinternationalmont-tremblant.com\/en\/wp-json\/wp\/v2\/pages"}],"about":[{"href":"https:\/\/collegeinternationalmont-tremblant.com\/en\/wp-json\/wp\/v2\/types\/page"}],"author":[{"embeddable":true,"href":"https:\/\/collegeinternationalmont-tremblant.com\/en\/wp-json\/wp\/v2\/users\/2"}],"replies":[{"embeddable":true,"href":"https:\/\/collegeinternationalmont-tremblant.com\/en\/wp-json\/wp\/v2\/comments?post=222"}],"version-history":[{"count":3,"href":"https:\/\/collegeinternationalmont-tremblant.com\/en\/wp-json\/wp\/v2\/pages\/222\/revisions"}],"predecessor-version":[{"id":229,"href":"https:\/\/collegeinternationalmont-tremblant.com\/en\/wp-json\/wp\/v2\/pages\/222\/revisions\/229"}],"wp:attachment":[{"href":"https:\/\/collegeinternationalmont-tremblant.com\/en\/wp-json\/wp\/v2\/media?parent=222"}],"curies":[{"name":"wp","href":"https:\/\/api.w.org\/{rel}","templated":true}]}}